{"id":26176,"date":"2022-06-29T00:03:54","date_gmt":"2022-06-28T22:03:54","guid":{"rendered":"https:\/\/www.blanc-moussi.com\/dev\/stavelot-een-avontuur-uit-een-andere-tijd-de-36-uurs-ronde\/"},"modified":"2022-07-06T20:19:34","modified_gmt":"2022-07-06T18:19:34","slug":"stavelot-een-avontuur-uit-een-andere-tijd-de-36-uurs-ronde","status":"publish","type":"page","link":"https:\/\/www.blanc-moussi.com\/nl\/het-leven-van-de-blanc-moussi-in-stavelot\/stavelot-een-avontuur-uit-een-andere-tijd-de-36-uurs-ronde\/","title":{"rendered":"Stavelot &#8211; Een avontuur uit een andere tijd: De 36-uurs ronde"},"content":{"rendered":"\t\t<div data-elementor-type=\"wp-page\" data-elementor-id=\"26176\" class=\"elementor elementor-26176 elementor-23396\" data-elementor-post-type=\"page\">\n\t\t\t\t\t\t\t\t\t<section class=\"elementor-section elementor-top-section elementor-element elementor-element-0d34549 elementor-section-boxed elementor-section-height-default elementor-section-height-default\" data-id=\"0d34549\" data-element_type=\"section\">\n\t\t\t\t\t\t<div class=\"elementor-container elementor-column-gap-default\">\n\t\t\t\t\t<div class=\"elementor-column elementor-col-100 elementor-top-column elementor-element elementor-element-2448164\" data-id=\"2448164\" data-element_type=\"column\">\n\t\t\t<div class=\"elementor-widget-wrap elementor-element-populated\">\n\t\t\t\t\t\t\t\t<div class=\"elementor-element elementor-element-9c3a156 elementor-widget elementor-widget-text-editor\" data-id=\"9c3a156\" data-element_type=\"widget\" data-widget_type=\"text-editor.default\">\n\t\t\t\t<div class=\"elementor-widget-container\">\n\t\t\t<style>\/*! elementor - v3.18.0 - 20-12-2023 *\/\n.elementor-widget-text-editor.elementor-drop-cap-view-stacked .elementor-drop-cap{background-color:#69727d;color:#fff}.elementor-widget-text-editor.elementor-drop-cap-view-framed .elementor-drop-cap{color:#69727d;border:3px solid;background-color:transparent}.elementor-widget-text-editor:not(.elementor-drop-cap-view-default) .elementor-drop-cap{margin-top:8px}.elementor-widget-text-editor:not(.elementor-drop-cap-view-default) .elementor-drop-cap-letter{width:1em;height:1em}.elementor-widget-text-editor .elementor-drop-cap{float:left;text-align:center;line-height:1;font-size:50px}.elementor-widget-text-editor .elementor-drop-cap-letter{display:inline-block}<\/style>\t\t\t\t<p>De Blancs-Moussis gaan met hun tijd mee. Activiteiten en evenementen veranderen. Wat gisteren mogelijk was, is vandaag niet altijd mogelijk, en vice versa.<\/p><p>Van al onze voorbije avonturen is de 36-uurs ronde ongetwijfeld de mooiste en de gekste&#8230;<\/p><p>Het idee was geweldig omdat het simpel was!  <\/p><p>Zoveel mogelijk kilometers alleen afleggen, zonder geld, op zaterdag om 8 uur &#8217;s morgens vertrekken vanuit Stavelot en op zondag om 8 uur &#8217;s avonds terugkeren.<\/p><p>Een gebeurtenis uit een andere tijd, in een ver tijdperk, zonder internet of mobiele telefoons!<\/p><p>Voor elke afgelegde kilometer werd \u00e9\u00e9n punt verdiend, voor elke uitgegeven frank \u00e9\u00e9n strafpunt, en de stempels van de bezochte steden werden als controlepunten gebruikt om de afgelegde kilometers te berekenen.  <\/p><p>Een bezoek aan een vreemd land levert bonuspunten op&#8230; Eenvoudig en moeilijk tegelijk.<\/p><p>Van een paar honderd km in het begin, werden jaar na jaar records gebroken tot ver boven de 2000 km (meer dan 60 km\/u gemiddeld).  <\/p><p>In paren, soms individueel, bezochten onze &#8220;rounders&#8221; vele landen: Frankrijk, Duitsland, Luxemburg, Nederland, Zwitserland, Oostenrijk, Itali\u00eb &#8230; en Monaco!<\/p><p>Alle, of bijna alle, vervoermiddelen werden gebruikt, met uitzondering van het vliegtuig, hoewel \u00e9\u00e9n team bijna met een bataljon Franse paracommando&#8217;s naar Marokko vloog. Je vraagt je altijd af wat hen uiteindelijk weerhield om dat vliegtuig te nemen&#8230;<\/p><p>Er waren enkele prestigieuze rondes, enkele ongelukkige, maar allemaal waren ze verrassend en schilderachtig&#8230;<\/p><p>&#8220;Er zijn evenveel verhalen als er rondes zijn. Die ene waar een team stopte bij het festival in een naburig dorp zonder verder te gaan, terwijl ze het hoofdkwartier in Stavelot lieten geloven dat ze door het hart van Frankrijk reisden&#8230; om vervolgens in 15 minuten terug te keren naar Stavelot!<\/p><p>De ene die een team een grote primeur zag behalen: de treinstop op de lijn Nancy-Parijs.  <\/p><p>Die ene die een team een paar dagen later zag terugkomen nadat ze van hun ronde een verlengd weekend hadden gemaakt.&#8221;<\/p><p>De ronde, het was ook een permanent raceteam dat aan de startlijn bleef staan om de avonturen van een afstand mee te maken, te controleren, te berekenen, te voorspellen en een hele stad te laten vibreren tijdens een weekend&#8230;<\/p><p>Dit uitzonderlijke avontuur begon in de jaren vijftig en eindigde medio jaren tachtig. Het steeds toenemende verkeer had het avontuur gevaarlijker en gecompliceerder gemaakt.<\/p><p>De Ronde was een uitzonderlijke kans voor degenen die hem meemaakten en blijft vandaag een mythe voor de nieuwe generaties die hem niet meemaakten.<\/p>\t\t\t\t\t\t<\/div>\n\t\t\t\t<\/div>\n\t\t\t\t\t<\/div>\n\t\t<\/div>\n\t\t\t\t\t\t\t<\/div>\n\t\t<\/section>\n\t\t\t\t\t\t\t<\/div>\n\t\t","protected":false},"excerpt":{"rendered":"<p>De Blancs-Moussis gaan met hun tijd mee. Activiteiten en evenementen veranderen. Wat gisteren mogelijk was, is vandaag niet altijd mogelijk, en vice versa. Van al onze voorbije avonturen is de 36-uurs ronde ongetwijfeld de mooiste en de gekste&#8230; Het idee was geweldig omdat het simpel was! Zoveel mogelijk kilometers alleen afleggen, zonder geld, op zaterdag<\/p>\n","protected":false},"author":1,"featured_media":0,"parent":26184,"menu_order":0,"comment_status":"closed","ping_status":"closed","template":"","meta":{"footnotes":""},"class_list":["post-26176","page","type-page","status-publish","hentry"],"yoast_head":"<!-- This site is optimized with the Yoast SEO plugin v21.7 - https:\/\/yoast.com\/wordpress\/plugins\/seo\/ -->\n<title>Stavelot - Een avontuur uit een andere tijd: De 36-uurs ronde - Blanc-moussi<\/title>\n<meta name=\"robots\" content=\"index, follow, max-snippet:-1, max-image-preview:large, max-video-preview:-1\" \/>\n<link rel=\"canonical\" href=\"https:\/\/www.blanc-moussi.com\/nl\/het-leven-van-de-blanc-moussi-in-stavelot\/stavelot-een-avontuur-uit-een-andere-tijd-de-36-uurs-ronde\/\" \/>\n<meta property=\"og:locale\" content=\"nl_NL\" \/>\n<meta property=\"og:type\" content=\"article\" \/>\n<meta property=\"og:title\" content=\"Stavelot - Een avontuur uit een andere tijd: De 36-uurs ronde - Blanc-moussi\" \/>\n<meta property=\"og:description\" content=\"De Blancs-Moussis gaan met hun tijd mee. Activiteiten en evenementen veranderen. Wat gisteren mogelijk was, is vandaag niet altijd mogelijk, en vice versa. Van al onze voorbije avonturen is de 36-uurs ronde ongetwijfeld de mooiste en de gekste&#8230; Het idee was geweldig omdat het simpel was! Zoveel mogelijk kilometers alleen afleggen, zonder geld, op zaterdag\" \/>\n<meta property=\"og:url\" content=\"https:\/\/www.blanc-moussi.com\/nl\/het-leven-van-de-blanc-moussi-in-stavelot\/stavelot-een-avontuur-uit-een-andere-tijd-de-36-uurs-ronde\/\" \/>\n<meta property=\"og:site_name\" content=\"Blanc-moussi\" \/>\n<meta property=\"article:modified_time\" content=\"2022-07-06T18:19:34+00:00\" \/>\n<meta name=\"twitter:card\" content=\"summary_large_image\" \/>\n<meta name=\"twitter:label1\" content=\"Geschatte leestijd\" \/>\n\t<meta name=\"twitter:data1\" content=\"2 minuten\" \/>\n<script type=\"application\/ld+json\" class=\"yoast-schema-graph\">{\"@context\":\"https:\/\/schema.org\",\"@graph\":[{\"@type\":\"WebPage\",\"@id\":\"https:\/\/www.blanc-moussi.com\/nl\/het-leven-van-de-blanc-moussi-in-stavelot\/stavelot-een-avontuur-uit-een-andere-tijd-de-36-uurs-ronde\/\",\"url\":\"https:\/\/www.blanc-moussi.com\/nl\/het-leven-van-de-blanc-moussi-in-stavelot\/stavelot-een-avontuur-uit-een-andere-tijd-de-36-uurs-ronde\/\",\"name\":\"Stavelot - Een avontuur uit een andere tijd: De 36-uurs ronde - Blanc-moussi\",\"isPartOf\":{\"@id\":\"https:\/\/www.blanc-moussi.com\/#website\"},\"datePublished\":\"2022-06-28T22:03:54+00:00\",\"dateModified\":\"2022-07-06T18:19:34+00:00\",\"breadcrumb\":{\"@id\":\"https:\/\/www.blanc-moussi.com\/nl\/het-leven-van-de-blanc-moussi-in-stavelot\/stavelot-een-avontuur-uit-een-andere-tijd-de-36-uurs-ronde\/#breadcrumb\"},\"inLanguage\":\"nl-NL\",\"potentialAction\":[{\"@type\":\"ReadAction\",\"target\":[\"https:\/\/www.blanc-moussi.com\/nl\/het-leven-van-de-blanc-moussi-in-stavelot\/stavelot-een-avontuur-uit-een-andere-tijd-de-36-uurs-ronde\/\"]}]},{\"@type\":\"BreadcrumbList\",\"@id\":\"https:\/\/www.blanc-moussi.com\/nl\/het-leven-van-de-blanc-moussi-in-stavelot\/stavelot-een-avontuur-uit-een-andere-tijd-de-36-uurs-ronde\/#breadcrumb\",\"itemListElement\":[{\"@type\":\"ListItem\",\"position\":1,\"name\":\"Accueil\",\"item\":\"https:\/\/www.blanc-moussi.com\/\"},{\"@type\":\"ListItem\",\"position\":2,\"name\":\"Het leven van de Blanc-Moussi in Stavelot\",\"item\":\"https:\/\/www.blanc-moussi.com\/nl\/het-leven-van-de-blanc-moussi-in-stavelot\/\"},{\"@type\":\"ListItem\",\"position\":3,\"name\":\"Stavelot &#8211; Een avontuur uit een andere tijd: De 36-uurs ronde\"}]},{\"@type\":\"WebSite\",\"@id\":\"https:\/\/www.blanc-moussi.com\/#website\",\"url\":\"https:\/\/www.blanc-moussi.com\/\",\"name\":\"Blanc-moussi\",\"description\":\"\",\"publisher\":{\"@id\":\"https:\/\/www.blanc-moussi.com\/#organization\"},\"potentialAction\":[{\"@type\":\"SearchAction\",\"target\":{\"@type\":\"EntryPoint\",\"urlTemplate\":\"https:\/\/www.blanc-moussi.com\/?s={search_term_string}\"},\"query-input\":\"required name=search_term_string\"}],\"inLanguage\":\"nl-NL\"},{\"@type\":\"Organization\",\"@id\":\"https:\/\/www.blanc-moussi.com\/#organization\",\"name\":\"Blanc-moussi\",\"url\":\"https:\/\/www.blanc-moussi.com\/\",\"logo\":{\"@type\":\"ImageObject\",\"inLanguage\":\"nl-NL\",\"@id\":\"https:\/\/www.blanc-moussi.com\/#\/schema\/logo\/image\/\",\"url\":\"https:\/\/www.blanc-moussi.com\/wp-content\/uploads\/2022\/06\/logo_bm_blackcolor_v1-copie.png\",\"contentUrl\":\"https:\/\/www.blanc-moussi.com\/wp-content\/uploads\/2022\/06\/logo_bm_blackcolor_v1-copie.png\",\"width\":320,\"height\":118,\"caption\":\"Blanc-moussi\"},\"image\":{\"@id\":\"https:\/\/www.blanc-moussi.com\/#\/schema\/logo\/image\/\"}}]}<\/script>\n<!-- \/ Yoast SEO plugin. -->","yoast_head_json":{"title":"Stavelot - Een avontuur uit een andere tijd: De 36-uurs ronde - Blanc-moussi","robots":{"index":"index","follow":"follow","max-snippet":"max-snippet:-1","max-image-preview":"max-image-preview:large","max-video-preview":"max-video-preview:-1"},"canonical":"https:\/\/www.blanc-moussi.com\/nl\/het-leven-van-de-blanc-moussi-in-stavelot\/stavelot-een-avontuur-uit-een-andere-tijd-de-36-uurs-ronde\/","og_locale":"nl_NL","og_type":"article","og_title":"Stavelot - Een avontuur uit een andere tijd: De 36-uurs ronde - Blanc-moussi","og_description":"De Blancs-Moussis gaan met hun tijd mee. Activiteiten en evenementen veranderen. Wat gisteren mogelijk was, is vandaag niet altijd mogelijk, en vice versa. Van al onze voorbije avonturen is de 36-uurs ronde ongetwijfeld de mooiste en de gekste&#8230; Het idee was geweldig omdat het simpel was! Zoveel mogelijk kilometers alleen afleggen, zonder geld, op zaterdag","og_url":"https:\/\/www.blanc-moussi.com\/nl\/het-leven-van-de-blanc-moussi-in-stavelot\/stavelot-een-avontuur-uit-een-andere-tijd-de-36-uurs-ronde\/","og_site_name":"Blanc-moussi","article_modified_time":"2022-07-06T18:19:34+00:00","twitter_card":"summary_large_image","twitter_misc":{"Geschatte leestijd":"2 minuten"},"schema":{"@context":"https:\/\/schema.org","@graph":[{"@type":"WebPage","@id":"https:\/\/www.blanc-moussi.com\/nl\/het-leven-van-de-blanc-moussi-in-stavelot\/stavelot-een-avontuur-uit-een-andere-tijd-de-36-uurs-ronde\/","url":"https:\/\/www.blanc-moussi.com\/nl\/het-leven-van-de-blanc-moussi-in-stavelot\/stavelot-een-avontuur-uit-een-andere-tijd-de-36-uurs-ronde\/","name":"Stavelot - Een avontuur uit een andere tijd: De 36-uurs ronde - Blanc-moussi","isPartOf":{"@id":"https:\/\/www.blanc-moussi.com\/#website"},"datePublished":"2022-06-28T22:03:54+00:00","dateModified":"2022-07-06T18:19:34+00:00","breadcrumb":{"@id":"https:\/\/www.blanc-moussi.com\/nl\/het-leven-van-de-blanc-moussi-in-stavelot\/stavelot-een-avontuur-uit-een-andere-tijd-de-36-uurs-ronde\/#breadcrumb"},"inLanguage":"nl-NL","potentialAction":[{"@type":"ReadAction","target":["https:\/\/www.blanc-moussi.com\/nl\/het-leven-van-de-blanc-moussi-in-stavelot\/stavelot-een-avontuur-uit-een-andere-tijd-de-36-uurs-ronde\/"]}]},{"@type":"BreadcrumbList","@id":"https:\/\/www.blanc-moussi.com\/nl\/het-leven-van-de-blanc-moussi-in-stavelot\/stavelot-een-avontuur-uit-een-andere-tijd-de-36-uurs-ronde\/#breadcrumb","itemListElement":[{"@type":"ListItem","position":1,"name":"Accueil","item":"https:\/\/www.blanc-moussi.com\/"},{"@type":"ListItem","position":2,"name":"Het leven van de Blanc-Moussi in Stavelot","item":"https:\/\/www.blanc-moussi.com\/nl\/het-leven-van-de-blanc-moussi-in-stavelot\/"},{"@type":"ListItem","position":3,"name":"Stavelot &#8211; Een avontuur uit een andere tijd: De 36-uurs ronde"}]},{"@type":"WebSite","@id":"https:\/\/www.blanc-moussi.com\/#website","url":"https:\/\/www.blanc-moussi.com\/","name":"Blanc-moussi","description":"","publisher":{"@id":"https:\/\/www.blanc-moussi.com\/#organization"},"potentialAction":[{"@type":"SearchAction","target":{"@type":"EntryPoint","urlTemplate":"https:\/\/www.blanc-moussi.com\/?s={search_term_string}"},"query-input":"required name=search_term_string"}],"inLanguage":"nl-NL"},{"@type":"Organization","@id":"https:\/\/www.blanc-moussi.com\/#organization","name":"Blanc-moussi","url":"https:\/\/www.blanc-moussi.com\/","logo":{"@type":"ImageObject","inLanguage":"nl-NL","@id":"https:\/\/www.blanc-moussi.com\/#\/schema\/logo\/image\/","url":"https:\/\/www.blanc-moussi.com\/wp-content\/uploads\/2022\/06\/logo_bm_blackcolor_v1-copie.png","contentUrl":"https:\/\/www.blanc-moussi.com\/wp-content\/uploads\/2022\/06\/logo_bm_blackcolor_v1-copie.png","width":320,"height":118,"caption":"Blanc-moussi"},"image":{"@id":"https:\/\/www.blanc-moussi.com\/#\/schema\/logo\/image\/"}}]}},"_links":{"self":[{"href":"https:\/\/www.blanc-moussi.com\/nl\/wp-json\/wp\/v2\/pages\/26176","targetHints":{"allow":["GET"]}}],"collection":[{"href":"https:\/\/www.blanc-moussi.com\/nl\/wp-json\/wp\/v2\/pages"}],"about":[{"href":"https:\/\/www.blanc-moussi.com\/nl\/wp-json\/wp\/v2\/types\/page"}],"author":[{"embeddable":true,"href":"https:\/\/www.blanc-moussi.com\/nl\/wp-json\/wp\/v2\/users\/1"}],"replies":[{"embeddable":true,"href":"https:\/\/www.blanc-moussi.com\/nl\/wp-json\/wp\/v2\/comments?post=26176"}],"version-history":[{"count":0,"href":"https:\/\/www.blanc-moussi.com\/nl\/wp-json\/wp\/v2\/pages\/26176\/revisions"}],"up":[{"embeddable":true,"href":"https:\/\/www.blanc-moussi.com\/nl\/wp-json\/wp\/v2\/pages\/26184"}],"wp:attachment":[{"href":"https:\/\/www.blanc-moussi.com\/nl\/wp-json\/wp\/v2\/media?parent=26176"}],"curies":[{"name":"wp","href":"https:\/\/api.w.org\/{rel}","templated":true}]}}