{"id":25915,"date":"2020-06-13T10:43:55","date_gmt":"2020-06-13T08:43:55","guid":{"rendered":"https:\/\/www.blanc-moussi.com\/dev\/our-offers-proposals\/"},"modified":"2022-07-06T20:19:24","modified_gmt":"2022-07-06T18:19:24","slug":"our-offers-proposals","status":"publish","type":"page","link":"https:\/\/www.blanc-moussi.com\/en\/our-offers-proposals\/","title":{"rendered":"Our offers &amp; proposals"},"content":{"rendered":"\t\t<div data-elementor-type=\"wp-page\" data-elementor-id=\"25915\" class=\"elementor elementor-25915 elementor-13189\" data-elementor-post-type=\"page\">\n\t\t\t\t\t\t\t\t\t<section class=\"elementor-section elementor-top-section elementor-element elementor-element-d65da93 elementor-section-stretched overflow-visible elementor-section-boxed elementor-section-height-default elementor-section-height-default\" data-id=\"d65da93\" data-element_type=\"section\" data-settings=\"{&quot;stretch_section&quot;:&quot;section-stretched&quot;,&quot;background_background&quot;:&quot;classic&quot;}\">\n\t\t\t\t\t\t\t<div class=\"elementor-background-overlay\"><\/div>\n\t\t\t\t\t\t\t<div class=\"elementor-container elementor-column-gap-default\">\n\t\t\t\t\t<div class=\"elementor-column elementor-col-100 elementor-top-column elementor-element elementor-element-da172d0\" data-id=\"da172d0\" data-element_type=\"column\">\n\t\t\t<div class=\"elementor-widget-wrap elementor-element-populated\">\n\t\t\t\t\t\t\t\t<div class=\"elementor-element elementor-element-8ed6c2b elementor-invisible elementor-widget elementor-widget-charetyportfolio\" data-id=\"8ed6c2b\" data-element_type=\"widget\" data-settings=\"{&quot;_animation&quot;:&quot;fadeInUp&quot;,&quot;_animation_delay&quot;:0.3}\" data-widget_type=\"charetyportfolio.default\">\n\t\t\t\t\r\n\t\t<div class=\"elementor-widget-container portfolio-wrapper  portfolio-style-default text-left portfolio-light portfolio-normal-model shortcode-rand-1 charety-inline-css\" data-css=\"&quot;.shortcode-rand-1.portfolio-wrapper .portfolio-inner &gt; *:nth-child(1) { margin-bottom: 10px; }.shortcode-rand-1.portfolio-wrapper .portfolio-inner &gt; *:nth-child(2) { margin-bottom: 20px; }.shortcode-rand-1.portfolio-wrapper .portfolio-inner &gt; *:nth-child(4) { margin-bottom: 45px; }&quot;\">\r\n\t\t\r\n\t\t\t<div class=\"row\"><div class=\"col-lg-4 col-md-4\"><div class=\"portfolio-inner\"><div class=\"post-thumb\"><img fetchpriority=\"high\" decoding=\"async\" width=\"1170\" height=\"694\" src=\"https:\/\/www.blanc-moussi.com\/wp-content\/uploads\/2022\/03\/AP206891-1170x694.jpg\" class=\"img-fluid wp-post-image\" alt=\"\" srcset=\"https:\/\/www.blanc-moussi.com\/wp-content\/uploads\/2022\/03\/AP206891-1170x694.jpg 1170w, https:\/\/www.blanc-moussi.com\/wp-content\/uploads\/2022\/03\/AP206891-768x456.jpg 768w\" sizes=\"(max-width: 1170px) 100vw, 1170px\" \/><\/div><!-- .post-thumb --><div class=\"entry-title\"><h4 class=\"post-title-head\"><a href=\"https:\/\/www.blanc-moussi.com\/en\/portfolio\/the-blowing-carts\/\" class=\"post-title\">The blowing carts<\/a><\/h4><\/div><!-- .entry-title --><div class=\"post-excerpt\"><p>No one today can imagine the Blancs-Moussis without their confetti-blowing floats. Two floats, fruit of<\/p>\n<\/div><!-- .post-excerpt --><div class=\"bottom-meta clearfix\"><ul class=\"nav bottom-meta-list meta-right\"><li><div class=\"post-more\"><a class=\"read-more\" href=\"https:\/\/www.blanc-moussi.com\/en\/portfolio\/the-blowing-carts\/\">En savoir plus<\/a><\/div><\/li><\/ul><\/div><\/div><!-- .portfolio-inner --><\/div><!-- .col \/ .owl-carousel-item \/ .isotope --><div class=\"col-lg-4 col-md-4\"><div class=\"portfolio-inner\"><div class=\"post-thumb\"><img decoding=\"async\" width=\"1170\" height=\"694\" src=\"https:\/\/www.blanc-moussi.com\/wp-content\/uploads\/2022\/06\/Cvisuels_220327_163854_AP103195-1170x694.jpg\" class=\"img-fluid wp-post-image\" alt=\"\" srcset=\"https:\/\/www.blanc-moussi.com\/wp-content\/uploads\/2022\/06\/Cvisuels_220327_163854_AP103195-1170x694.jpg 1170w, https:\/\/www.blanc-moussi.com\/wp-content\/uploads\/2022\/06\/Cvisuels_220327_163854_AP103195-768x456.jpg 768w\" sizes=\"(max-width: 1170px) 100vw, 1170px\" \/><\/div><!-- .post-thumb --><div class=\"entry-title\"><h4 class=\"post-title-head\"><a href=\"https:\/\/www.blanc-moussi.com\/en\/portfolio\/confetti-vessies\/\" class=\"post-title\">Confetti &amp; Vessies<\/a><\/h4><\/div><!-- .entry-title --><div class=\"post-excerpt\"><p>Confetti What would the White People be without confetti? Not much! It was therefore only<\/p>\n<\/div><!-- .post-excerpt --><div class=\"bottom-meta clearfix\"><ul class=\"nav bottom-meta-list meta-right\"><li><div class=\"post-more\"><a class=\"read-more\" href=\"https:\/\/www.blanc-moussi.com\/en\/portfolio\/confetti-vessies\/\">En savoir plus<\/a><\/div><\/li><\/ul><\/div><\/div><!-- .portfolio-inner --><\/div><!-- .col \/ .owl-carousel-item \/ .isotope --><div class=\"col-lg-4 col-md-4\"><div class=\"portfolio-inner\"><div class=\"post-thumb\"><img decoding=\"async\" width=\"1170\" height=\"694\" src=\"https:\/\/www.blanc-moussi.com\/wp-content\/uploads\/2022\/06\/Cvisuels_220515_142807_AP107466-1170x694.jpg\" class=\"img-fluid wp-post-image\" alt=\"\" srcset=\"https:\/\/www.blanc-moussi.com\/wp-content\/uploads\/2022\/06\/Cvisuels_220515_142807_AP107466-1170x694.jpg 1170w, https:\/\/www.blanc-moussi.com\/wp-content\/uploads\/2022\/06\/Cvisuels_220515_142807_AP107466-768x456.jpg 768w\" sizes=\"(max-width: 1170px) 100vw, 1170px\" \/><\/div><!-- .post-thumb --><div class=\"entry-title\"><h4 class=\"post-title-head\"><a href=\"https:\/\/www.blanc-moussi.com\/en\/portfolio\/posters\/\" class=\"post-title\">Posters<\/a><\/h4><\/div><!-- .entry-title --><div class=\"post-excerpt\"><p>Among the activities of the Laetare at the BM, the one of the&nbsp;poster collectors always<\/p>\n<\/div><!-- .post-excerpt --><div class=\"bottom-meta clearfix\"><ul class=\"nav bottom-meta-list meta-right\"><li><div class=\"post-more\"><a class=\"read-more\" href=\"https:\/\/www.blanc-moussi.com\/en\/portfolio\/posters\/\">En savoir plus<\/a><\/div><\/li><\/ul><\/div><\/div><!-- .portfolio-inner --><\/div><!-- .col \/ .owl-carousel-item \/ .isotope --><\/div><!-- .row --><div class=\"row\"><div class=\"col-lg-4 col-md-4\"><div class=\"portfolio-inner\"><div class=\"post-thumb\"><img loading=\"lazy\" decoding=\"async\" width=\"1170\" height=\"694\" src=\"https:\/\/www.blanc-moussi.com\/wp-content\/uploads\/2022\/03\/Cvisuels-col220327-150221-AP202912-1170x694.jpg\" class=\"img-fluid wp-post-image\" alt=\"\" srcset=\"https:\/\/www.blanc-moussi.com\/wp-content\/uploads\/2022\/03\/Cvisuels-col220327-150221-AP202912-1170x694.jpg 1170w, https:\/\/www.blanc-moussi.com\/wp-content\/uploads\/2022\/03\/Cvisuels-col220327-150221-AP202912-768x456.jpg 768w\" sizes=\"(max-width: 1170px) 100vw, 1170px\" \/><\/div><!-- .post-thumb --><div class=\"entry-title\"><h4 class=\"post-title-head\"><a href=\"https:\/\/www.blanc-moussi.com\/en\/portfolio\/other-roles-and-characters\/\" class=\"post-title\">Other roles and characters<\/a><\/h4><\/div><!-- .entry-title --><div class=\"post-excerpt\"><p>From the 50&#8217;s, the Blancs-Moussis troops added several roles and characters to complete their entertainment<\/p>\n<\/div><!-- .post-excerpt --><div class=\"bottom-meta clearfix\"><ul class=\"nav bottom-meta-list meta-right\"><li><div class=\"post-more\"><a class=\"read-more\" href=\"https:\/\/www.blanc-moussi.com\/en\/portfolio\/other-roles-and-characters\/\">En savoir plus<\/a><\/div><\/li><\/ul><\/div><\/div><!-- .portfolio-inner --><\/div><!-- .col \/ .owl-carousel-item \/ .isotope --><div class=\"col-lg-4 col-md-4\"><div class=\"portfolio-inner\"><div class=\"post-thumb\"><img loading=\"lazy\" decoding=\"async\" width=\"1170\" height=\"694\" src=\"https:\/\/www.blanc-moussi.com\/wp-content\/uploads\/2022\/06\/Cvisuels_220327_173628_AP103306-1170x694.jpg\" class=\"img-fluid wp-post-image\" alt=\"\" srcset=\"https:\/\/www.blanc-moussi.com\/wp-content\/uploads\/2022\/06\/Cvisuels_220327_173628_AP103306-1170x694.jpg 1170w, https:\/\/www.blanc-moussi.com\/wp-content\/uploads\/2022\/06\/Cvisuels_220327_173628_AP103306-768x456.jpg 768w\" sizes=\"(max-width: 1170px) 100vw, 1170px\" \/><\/div><!-- .post-thumb --><div class=\"entry-title\"><h4 class=\"post-title-head\"><a href=\"https:\/\/www.blanc-moussi.com\/en\/portfolio\/no-folklore-without-music\/\" class=\"post-title\">No folklore without music&#8230;<\/a><\/h4><\/div><!-- .entry-title --><div class=\"post-excerpt\"><p>Obviously, there is no folklore without music. But the Blancs-Moussis are not musicians at heart.<\/p>\n<\/div><!-- .post-excerpt --><div class=\"bottom-meta clearfix\"><ul class=\"nav bottom-meta-list meta-right\"><li><div class=\"post-more\"><a class=\"read-more\" href=\"https:\/\/www.blanc-moussi.com\/en\/portfolio\/no-folklore-without-music\/\">En savoir plus<\/a><\/div><\/li><\/ul><\/div><\/div><!-- .portfolio-inner --><\/div><!-- .col \/ .owl-carousel-item \/ .isotope --><div class=\"col-lg-4 col-md-4\"><div class=\"portfolio-inner\"><div class=\"post-thumb\"><img loading=\"lazy\" decoding=\"async\" width=\"1170\" height=\"694\" src=\"https:\/\/www.blanc-moussi.com\/wp-content\/uploads\/2022\/03\/biere_bm02-1-1170x694.jpg\" class=\"img-fluid wp-post-image\" alt=\"\" srcset=\"https:\/\/www.blanc-moussi.com\/wp-content\/uploads\/2022\/03\/biere_bm02-1-1170x694.jpg 1170w, https:\/\/www.blanc-moussi.com\/wp-content\/uploads\/2022\/03\/biere_bm02-1-768x456.jpg 768w\" sizes=\"(max-width: 1170px) 100vw, 1170px\" \/><\/div><!-- .post-thumb --><div class=\"entry-title\"><h4 class=\"post-title-head\"><a href=\"https:\/\/www.blanc-moussi.com\/en\/portfolio\/bm-beer-75th-anniversary\/\" class=\"post-title\">BM Beer &#8211; 75th Anniversary<\/a><\/h4><\/div><!-- .entry-title --><div class=\"post-excerpt\"><p>The Confr\u00e9rie des Blancs-Moussis is taking advantage of its 75th anniversary to re-launch its beer.<\/p>\n<\/div><!-- .post-excerpt --><div class=\"bottom-meta clearfix\"><ul class=\"nav bottom-meta-list meta-right\"><li><div class=\"post-more\"><a class=\"read-more\" href=\"https:\/\/www.blanc-moussi.com\/en\/portfolio\/bm-beer-75th-anniversary\/\">En savoir plus<\/a><\/div><\/li><\/ul><\/div><\/div><!-- .portfolio-inner --><\/div><!-- .col \/ .owl-carousel-item \/ .isotope --><\/div><!-- .row --><div class=\"row\"><div class=\"col-lg-4 col-md-4\"><div class=\"portfolio-inner\"><div class=\"post-thumb\"><img loading=\"lazy\" decoding=\"async\" width=\"1170\" height=\"694\" src=\"https:\/\/www.blanc-moussi.com\/wp-content\/uploads\/2022\/03\/vin75eme-1170x694.jpg\" class=\"img-fluid wp-post-image\" alt=\"\" srcset=\"https:\/\/www.blanc-moussi.com\/wp-content\/uploads\/2022\/03\/vin75eme-1170x694.jpg 1170w, https:\/\/www.blanc-moussi.com\/wp-content\/uploads\/2022\/03\/vin75eme-768x456.jpg 768w\" sizes=\"(max-width: 1170px) 100vw, 1170px\" \/><\/div><!-- .post-thumb --><div class=\"entry-title\"><h4 class=\"post-title-head\"><a href=\"https:\/\/www.blanc-moussi.com\/en\/portfolio\/wine-sale-selection-of-the-75th\/\" class=\"post-title\">Wine sale &#8211; Selection of the 75th<\/a><\/h4><\/div><!-- .entry-title --><div class=\"post-excerpt\"><p>On the occasion of its 75th anniversary, the Confr\u00e9rie des Blancs-Moussis is pleased to offer<\/p>\n<\/div><!-- .post-excerpt --><div class=\"bottom-meta clearfix\"><ul class=\"nav bottom-meta-list meta-right\"><li><div class=\"post-more\"><a class=\"read-more\" href=\"https:\/\/www.blanc-moussi.com\/en\/portfolio\/wine-sale-selection-of-the-75th\/\">En savoir plus<\/a><\/div><\/li><\/ul><\/div><\/div><!-- .portfolio-inner --><\/div><!-- .col \/ .owl-carousel-item \/ .isotope --><div class=\"col-lg-4 col-md-4\"><div class=\"portfolio-inner\"><div class=\"post-thumb\"><img loading=\"lazy\" decoding=\"async\" width=\"1170\" height=\"694\" src=\"https:\/\/www.blanc-moussi.com\/wp-content\/uploads\/2022\/06\/Cvisuels_200905_145105_DJI_0117-1170x694.jpg\" class=\"img-fluid wp-post-image\" alt=\"\" srcset=\"https:\/\/www.blanc-moussi.com\/wp-content\/uploads\/2022\/06\/Cvisuels_200905_145105_DJI_0117-1170x694.jpg 1170w, https:\/\/www.blanc-moussi.com\/wp-content\/uploads\/2022\/06\/Cvisuels_200905_145105_DJI_0117-768x456.jpg 768w\" sizes=\"(max-width: 1170px) 100vw, 1170px\" \/><\/div><!-- .post-thumb --><div class=\"entry-title\"><h4 class=\"post-title-head\"><a href=\"https:\/\/www.blanc-moussi.com\/en\/portfolio\/rental-of-the-blanc-moussi-premises\/\" class=\"post-title\">Rental of the Blanc-Moussi premises<\/a><\/h4><\/div><!-- .entry-title --><div class=\"post-excerpt\"><p>A birthday, a wedding, a communion or any other festivity? Experience this event at the<\/p>\n<\/div><!-- .post-excerpt --><div class=\"bottom-meta clearfix\"><ul class=\"nav bottom-meta-list meta-right\"><li><div class=\"post-more\"><a class=\"read-more\" href=\"https:\/\/www.blanc-moussi.com\/en\/portfolio\/rental-of-the-blanc-moussi-premises\/\">En savoir plus<\/a><\/div><\/li><\/ul><\/div><\/div><!-- .portfolio-inner --><\/div><!-- .col \/ .owl-carousel-item \/ .isotope --><div class=\"col-lg-4 col-md-4\"><div class=\"portfolio-inner\"><div class=\"post-thumb\"><img loading=\"lazy\" decoding=\"async\" width=\"1170\" height=\"694\" src=\"https:\/\/www.blanc-moussi.com\/wp-content\/uploads\/2022\/06\/Cvisuels_220327_152850_AP103139-1170x694.jpg\" class=\"img-fluid wp-post-image\" alt=\"\" srcset=\"https:\/\/www.blanc-moussi.com\/wp-content\/uploads\/2022\/06\/Cvisuels_220327_152850_AP103139-1170x694.jpg 1170w, https:\/\/www.blanc-moussi.com\/wp-content\/uploads\/2022\/06\/Cvisuels_220327_152850_AP103139-768x456.jpg 768w\" sizes=\"(max-width: 1170px) 100vw, 1170px\" \/><\/div><!-- .post-thumb --><div class=\"entry-title\"><h4 class=\"post-title-head\"><a href=\"https:\/\/www.blanc-moussi.com\/en\/portfolio\/sale-of-confetti\/\" class=\"post-title\">Sale of confetti<\/a><\/h4><\/div><!-- .entry-title --><div class=\"post-excerpt\"><p>Nos confetti \u201cmade in Belgium\u201d sont \u00e9galement disponibles \u00e0 la vente pour les soci\u00e9t\u00e9s folkloriques<\/p>\n<\/div><!-- .post-excerpt --><div class=\"bottom-meta clearfix\"><ul class=\"nav bottom-meta-list meta-right\"><li><div class=\"post-more\"><a class=\"read-more\" href=\"https:\/\/www.blanc-moussi.com\/en\/portfolio\/sale-of-confetti\/\">En savoir plus<\/a><\/div><\/li><\/ul><\/div><\/div><!-- .portfolio-inner --><\/div><!-- .col \/ .owl-carousel-item \/ .isotope --><\/div><!-- .row --><div class=\"row\"><div class=\"col-lg-4 col-md-4\"><div class=\"portfolio-inner\"><div class=\"post-thumb\"><img loading=\"lazy\" decoding=\"async\" width=\"1170\" height=\"694\" src=\"https:\/\/www.blanc-moussi.com\/wp-content\/uploads\/2022\/07\/Cvisuels_031106_142504_2003-11-0618a-10-18a-10-1170x694.jpg\" class=\"img-fluid wp-post-image\" alt=\"\" srcset=\"https:\/\/www.blanc-moussi.com\/wp-content\/uploads\/2022\/07\/Cvisuels_031106_142504_2003-11-0618a-10-18a-10-1170x694.jpg 1170w, https:\/\/www.blanc-moussi.com\/wp-content\/uploads\/2022\/07\/Cvisuels_031106_142504_2003-11-0618a-10-18a-10-768x456.jpg 768w\" sizes=\"(max-width: 1170px) 100vw, 1170px\" \/><\/div><!-- .post-thumb --><div class=\"entry-title\"><h4 class=\"post-title-head\"><a href=\"https:\/\/www.blanc-moussi.com\/en\/portfolio\/travel-services\/\" class=\"post-title\">Travel &amp; Services<\/a><\/h4><\/div><!-- .entry-title --><div class=\"post-excerpt\"><p>Procession abroad, representation during folklore events, invitation to specific events, the Blancs-Moussis also export their<\/p>\n<\/div><!-- .post-excerpt --><div class=\"bottom-meta clearfix\"><ul class=\"nav bottom-meta-list meta-right\"><li><div class=\"post-more\"><a class=\"read-more\" href=\"https:\/\/www.blanc-moussi.com\/en\/portfolio\/travel-services\/\">En savoir plus<\/a><\/div><\/li><\/ul><\/div><\/div><!-- .portfolio-inner --><\/div><!-- .col \/ .owl-carousel-item \/ .isotope --><\/div><!-- .row -->\t\t\t\r\n\t\t<\/div>\r\n\t\t\t\t<\/div>\n\t\t\t\t\t<\/div>\n\t\t<\/div>\n\t\t\t\t\t\t\t<\/div>\n\t\t<\/section>\n\t\t\t\t\t\t\t<\/div>\n\t\t","protected":false},"excerpt":{"rendered":"<p>Vente de confetti Nos confetti \u201cmade in Belgium\u201d sont \u00e9galement disponibles \u00e0 la vente pour<\/p>\n","protected":false},"author":1,"featured_media":0,"parent":0,"menu_order":0,"comment_status":"closed","ping_status":"closed","template":"","meta":{"footnotes":""},"class_list":["post-25915","page","type-page","status-publish","hentry"],"yoast_head":"<!-- This site is optimized with the Yoast SEO plugin v21.7 - https:\/\/yoast.com\/wordpress\/plugins\/seo\/ -->\n<title>Our offers &amp; proposals - Blanc-moussi<\/title>\n<meta name=\"robots\" content=\"index, follow, max-snippet:-1, max-image-preview:large, max-video-preview:-1\" \/>\n<link rel=\"canonical\" href=\"https:\/\/www.blanc-moussi.com\/en\/our-offers-proposals\/\" \/>\n<meta property=\"og:locale\" content=\"en_US\" \/>\n<meta property=\"og:type\" content=\"article\" \/>\n<meta property=\"og:title\" content=\"Our offers &amp; proposals - Blanc-moussi\" \/>\n<meta property=\"og:description\" content=\"Vente de confetti Nos confetti \u201cmade in Belgium\u201d sont \u00e9galement disponibles \u00e0 la vente pour\" \/>\n<meta property=\"og:url\" content=\"https:\/\/www.blanc-moussi.com\/en\/our-offers-proposals\/\" \/>\n<meta property=\"og:site_name\" content=\"Blanc-moussi\" \/>\n<meta property=\"article:modified_time\" content=\"2022-07-06T18:19:24+00:00\" \/>\n<meta property=\"og:image\" content=\"https:\/\/www.blanc-moussi.com\/wp-content\/uploads\/2022\/03\/Cvisuels-col220327-150857-AP202963-1170x694.jpg\" \/>\n<meta name=\"twitter:card\" content=\"summary_large_image\" \/>\n<meta name=\"twitter:label1\" content=\"Est. reading time\" \/>\n\t<meta name=\"twitter:data1\" content=\"1 minute\" \/>\n<script type=\"application\/ld+json\" class=\"yoast-schema-graph\">{\"@context\":\"https:\/\/schema.org\",\"@graph\":[{\"@type\":\"WebPage\",\"@id\":\"https:\/\/www.blanc-moussi.com\/en\/our-offers-proposals\/\",\"url\":\"https:\/\/www.blanc-moussi.com\/en\/our-offers-proposals\/\",\"name\":\"Our offers &amp; proposals - Blanc-moussi\",\"isPartOf\":{\"@id\":\"https:\/\/www.blanc-moussi.com\/#website\"},\"datePublished\":\"2020-06-13T08:43:55+00:00\",\"dateModified\":\"2022-07-06T18:19:24+00:00\",\"breadcrumb\":{\"@id\":\"https:\/\/www.blanc-moussi.com\/en\/our-offers-proposals\/#breadcrumb\"},\"inLanguage\":\"en-US\",\"potentialAction\":[{\"@type\":\"ReadAction\",\"target\":[\"https:\/\/www.blanc-moussi.com\/en\/our-offers-proposals\/\"]}]},{\"@type\":\"BreadcrumbList\",\"@id\":\"https:\/\/www.blanc-moussi.com\/en\/our-offers-proposals\/#breadcrumb\",\"itemListElement\":[{\"@type\":\"ListItem\",\"position\":1,\"name\":\"Accueil\",\"item\":\"https:\/\/www.blanc-moussi.com\/\"},{\"@type\":\"ListItem\",\"position\":2,\"name\":\"Our offers &amp; proposals\"}]},{\"@type\":\"WebSite\",\"@id\":\"https:\/\/www.blanc-moussi.com\/#website\",\"url\":\"https:\/\/www.blanc-moussi.com\/\",\"name\":\"Blanc-moussi\",\"description\":\"\",\"publisher\":{\"@id\":\"https:\/\/www.blanc-moussi.com\/#organization\"},\"potentialAction\":[{\"@type\":\"SearchAction\",\"target\":{\"@type\":\"EntryPoint\",\"urlTemplate\":\"https:\/\/www.blanc-moussi.com\/?s={search_term_string}\"},\"query-input\":\"required name=search_term_string\"}],\"inLanguage\":\"en-US\"},{\"@type\":\"Organization\",\"@id\":\"https:\/\/www.blanc-moussi.com\/#organization\",\"name\":\"Blanc-moussi\",\"url\":\"https:\/\/www.blanc-moussi.com\/\",\"logo\":{\"@type\":\"ImageObject\",\"inLanguage\":\"en-US\",\"@id\":\"https:\/\/www.blanc-moussi.com\/#\/schema\/logo\/image\/\",\"url\":\"https:\/\/www.blanc-moussi.com\/wp-content\/uploads\/2022\/06\/logo_bm_blackcolor_v1-copie.png\",\"contentUrl\":\"https:\/\/www.blanc-moussi.com\/wp-content\/uploads\/2022\/06\/logo_bm_blackcolor_v1-copie.png\",\"width\":320,\"height\":118,\"caption\":\"Blanc-moussi\"},\"image\":{\"@id\":\"https:\/\/www.blanc-moussi.com\/#\/schema\/logo\/image\/\"}}]}<\/script>\n<!-- \/ Yoast SEO plugin. -->","yoast_head_json":{"title":"Our offers &amp; proposals - Blanc-moussi","robots":{"index":"index","follow":"follow","max-snippet":"max-snippet:-1","max-image-preview":"max-image-preview:large","max-video-preview":"max-video-preview:-1"},"canonical":"https:\/\/www.blanc-moussi.com\/en\/our-offers-proposals\/","og_locale":"en_US","og_type":"article","og_title":"Our offers &amp; proposals - Blanc-moussi","og_description":"Vente de confetti Nos confetti \u201cmade in Belgium\u201d sont \u00e9galement disponibles \u00e0 la vente pour","og_url":"https:\/\/www.blanc-moussi.com\/en\/our-offers-proposals\/","og_site_name":"Blanc-moussi","article_modified_time":"2022-07-06T18:19:24+00:00","og_image":[{"url":"https:\/\/www.blanc-moussi.com\/wp-content\/uploads\/2022\/03\/Cvisuels-col220327-150857-AP202963-1170x694.jpg"}],"twitter_card":"summary_large_image","twitter_misc":{"Est. reading time":"1 minute"},"schema":{"@context":"https:\/\/schema.org","@graph":[{"@type":"WebPage","@id":"https:\/\/www.blanc-moussi.com\/en\/our-offers-proposals\/","url":"https:\/\/www.blanc-moussi.com\/en\/our-offers-proposals\/","name":"Our offers &amp; proposals - Blanc-moussi","isPartOf":{"@id":"https:\/\/www.blanc-moussi.com\/#website"},"datePublished":"2020-06-13T08:43:55+00:00","dateModified":"2022-07-06T18:19:24+00:00","breadcrumb":{"@id":"https:\/\/www.blanc-moussi.com\/en\/our-offers-proposals\/#breadcrumb"},"inLanguage":"en-US","potentialAction":[{"@type":"ReadAction","target":["https:\/\/www.blanc-moussi.com\/en\/our-offers-proposals\/"]}]},{"@type":"BreadcrumbList","@id":"https:\/\/www.blanc-moussi.com\/en\/our-offers-proposals\/#breadcrumb","itemListElement":[{"@type":"ListItem","position":1,"name":"Accueil","item":"https:\/\/www.blanc-moussi.com\/"},{"@type":"ListItem","position":2,"name":"Our offers &amp; proposals"}]},{"@type":"WebSite","@id":"https:\/\/www.blanc-moussi.com\/#website","url":"https:\/\/www.blanc-moussi.com\/","name":"Blanc-moussi","description":"","publisher":{"@id":"https:\/\/www.blanc-moussi.com\/#organization"},"potentialAction":[{"@type":"SearchAction","target":{"@type":"EntryPoint","urlTemplate":"https:\/\/www.blanc-moussi.com\/?s={search_term_string}"},"query-input":"required name=search_term_string"}],"inLanguage":"en-US"},{"@type":"Organization","@id":"https:\/\/www.blanc-moussi.com\/#organization","name":"Blanc-moussi","url":"https:\/\/www.blanc-moussi.com\/","logo":{"@type":"ImageObject","inLanguage":"en-US","@id":"https:\/\/www.blanc-moussi.com\/#\/schema\/logo\/image\/","url":"https:\/\/www.blanc-moussi.com\/wp-content\/uploads\/2022\/06\/logo_bm_blackcolor_v1-copie.png","contentUrl":"https:\/\/www.blanc-moussi.com\/wp-content\/uploads\/2022\/06\/logo_bm_blackcolor_v1-copie.png","width":320,"height":118,"caption":"Blanc-moussi"},"image":{"@id":"https:\/\/www.blanc-moussi.com\/#\/schema\/logo\/image\/"}}]}},"_links":{"self":[{"href":"https:\/\/www.blanc-moussi.com\/en\/wp-json\/wp\/v2\/pages\/25915","targetHints":{"allow":["GET"]}}],"collection":[{"href":"https:\/\/www.blanc-moussi.com\/en\/wp-json\/wp\/v2\/pages"}],"about":[{"href":"https:\/\/www.blanc-moussi.com\/en\/wp-json\/wp\/v2\/types\/page"}],"author":[{"embeddable":true,"href":"https:\/\/www.blanc-moussi.com\/en\/wp-json\/wp\/v2\/users\/1"}],"replies":[{"embeddable":true,"href":"https:\/\/www.blanc-moussi.com\/en\/wp-json\/wp\/v2\/comments?post=25915"}],"version-history":[{"count":0,"href":"https:\/\/www.blanc-moussi.com\/en\/wp-json\/wp\/v2\/pages\/25915\/revisions"}],"wp:attachment":[{"href":"https:\/\/www.blanc-moussi.com\/en\/wp-json\/wp\/v2\/media?parent=25915"}],"curies":[{"name":"wp","href":"https:\/\/api.w.org\/{rel}","templated":true}]}}