{"id":26374,"date":"2022-07-06T13:29:28","date_gmt":"2022-07-06T11:29:28","guid":{"rendered":"https:\/\/www.blanc-moussi.com\/dev\/einige-denkwurdige-erlebnisse\/"},"modified":"2022-07-06T20:19:32","modified_gmt":"2022-07-06T18:19:32","slug":"einige-denkwurdige-erlebnisse","status":"publish","type":"page","link":"https:\/\/www.blanc-moussi.com\/de\/einige-denkwurdige-erlebnisse\/","title":{"rendered":"Einige denkw\u00fcrdige Erlebnisse"},"content":{"rendered":"\t\t<div data-elementor-type=\"wp-page\" data-elementor-id=\"26374\" class=\"elementor elementor-26374 elementor-26370\" data-elementor-post-type=\"page\">\n\t\t\t\t\t\t\t\t\t<section class=\"elementor-section elementor-top-section elementor-element elementor-element-ee231c2 elementor-section-boxed elementor-section-height-default elementor-section-height-default\" data-id=\"ee231c2\" data-element_type=\"section\">\n\t\t\t\t\t\t<div class=\"elementor-container elementor-column-gap-default\">\n\t\t\t\t\t<div class=\"elementor-column elementor-col-50 elementor-top-column elementor-element elementor-element-c0ffcf9\" data-id=\"c0ffcf9\" data-element_type=\"column\">\n\t\t\t<div class=\"elementor-widget-wrap elementor-element-populated\">\n\t\t\t\t\t\t\t\t<div class=\"elementor-element elementor-element-a97e4f6 elementor-widget elementor-widget-heading\" data-id=\"a97e4f6\" data-element_type=\"widget\" data-widget_type=\"heading.default\">\n\t\t\t\t<div class=\"elementor-widget-container\">\n\t\t\t<style>\/*! elementor - v3.18.0 - 20-12-2023 *\/\n.elementor-heading-title{padding:0;margin:0;line-height:1}.elementor-widget-heading .elementor-heading-title[class*=elementor-size-]>a{color:inherit;font-size:inherit;line-height:inherit}.elementor-widget-heading .elementor-heading-title.elementor-size-small{font-size:15px}.elementor-widget-heading .elementor-heading-title.elementor-size-medium{font-size:19px}.elementor-widget-heading .elementor-heading-title.elementor-size-large{font-size:29px}.elementor-widget-heading .elementor-heading-title.elementor-size-xl{font-size:39px}.elementor-widget-heading .elementor-heading-title.elementor-size-xxl{font-size:59px}<\/style><h2 class=\"elementor-heading-title elementor-size-default\">im Ausland<\/h2>\t\t<\/div>\n\t\t\t\t<\/div>\n\t\t\t\t<div class=\"elementor-element elementor-element-5d3bc88 elementor-cta--valign-middle elementor-cta--skin-cover elementor-widget elementor-widget-call-to-action\" data-id=\"5d3bc88\" data-element_type=\"widget\" data-widget_type=\"call-to-action.default\">\n\t\t\t\t<div class=\"elementor-widget-container\">\n\t\t\t<link rel=\"stylesheet\" href=\"https:\/\/www.blanc-moussi.com\/wp-content\/plugins\/elementor-pro\/assets\/css\/widget-call-to-action.min.css\">\t\t<div class=\"elementor-cta\">\n\t\t\t\t\t<div class=\"elementor-cta__bg-wrapper\">\n\t\t\t\t<div class=\"elementor-cta__bg elementor-bg\" style=\"background-image: url();\" role=\"img\" aria-label=\"\"><\/div>\n\t\t\t\t<div class=\"elementor-cta__bg-overlay\"><\/div>\n\t\t\t<\/div>\n\t\t\t\t\t\t\t<div class=\"elementor-cta__content\">\n\t\t\t\t\n\t\t\t\t\t\t\t\t\t<h3 class=\"elementor-cta__title elementor-cta__content-item elementor-content-item\">\n\t\t\t\t\t\tShanghai 2010  \t\t\t\t\t<\/h3>\n\t\t\t\t\n\t\t\t\t\t\t\t\t\t<div class=\"elementor-cta__description elementor-cta__content-item elementor-content-item\">\n\t\t\t\t\t\tNach einem ersten Besuch vor einigen Jahren kehrten die Blancs-Moussis im Juni 2010 zur Weltausstellung in Shanghai nach China zur\u00fcck.  \t\t\t\t\t<\/div>\n\t\t\t\t\n\t\t\t\t\t\t\t\t\t<div class=\"elementor-cta__button-wrapper elementor-cta__content-item elementor-content-item \">\n\t\t\t\t\t<a class=\"elementor-cta__button elementor-button elementor-size-xs\" href=\"https:\/\/www.blanc-moussi.com\/de\/ausland-shanghai-2010\/\">\n\t\t\t\t\t\tMehr erfahren\t\t\t\t\t<\/a>\n\t\t\t\t\t<\/div>\n\t\t\t\t\t\t\t<\/div>\n\t\t\t\t\t\t<\/div>\n\t\t\t\t<\/div>\n\t\t\t\t<\/div>\n\t\t\t\t<div class=\"elementor-element elementor-element-0355aec elementor-cta--valign-middle elementor-cta--skin-cover elementor-widget elementor-widget-call-to-action\" data-id=\"0355aec\" data-element_type=\"widget\" data-widget_type=\"call-to-action.default\">\n\t\t\t\t<div class=\"elementor-widget-container\">\n\t\t\t\t\t<div class=\"elementor-cta\">\n\t\t\t\t\t<div class=\"elementor-cta__bg-wrapper\">\n\t\t\t\t<div class=\"elementor-cta__bg elementor-bg\" style=\"background-image: url();\" role=\"img\" aria-label=\"\"><\/div>\n\t\t\t\t<div class=\"elementor-cta__bg-overlay\"><\/div>\n\t\t\t<\/div>\n\t\t\t\t\t\t\t<div class=\"elementor-cta__content\">\n\t\t\t\t\n\t\t\t\t\t\t\t\t\t<h3 class=\"elementor-cta__title elementor-cta__content-item elementor-content-item\">\n\t\t\t\t\t\tInternationales Folklorefestival in Peking (2003)\t\t\t\t\t<\/h3>\n\t\t\t\t\n\t\t\t\t\t\t\t\t\t<div class=\"elementor-cta__description elementor-cta__content-item elementor-content-item\">\n\t\t\t\t\t\t2003 nahmen etwa 20 Blancs-Moussis am 6. internationalen Kulturfestival in Peking teil.\n\t\t\t\t\t<\/div>\n\t\t\t\t\n\t\t\t\t\t\t\t\t\t<div class=\"elementor-cta__button-wrapper elementor-cta__content-item elementor-content-item \">\n\t\t\t\t\t<a class=\"elementor-cta__button elementor-button elementor-size-xs\" href=\"https:\/\/www.blanc-moussi.com\/de\/ausland-internationales-folklorefestival-in-peking-2003\/\">\n\t\t\t\t\t\tMehr erfahren\t\t\t\t\t<\/a>\n\t\t\t\t\t<\/div>\n\t\t\t\t\t\t\t<\/div>\n\t\t\t\t\t\t<\/div>\n\t\t\t\t<\/div>\n\t\t\t\t<\/div>\n\t\t\t\t\t<\/div>\n\t\t<\/div>\n\t\t\t\t<div class=\"elementor-column elementor-col-50 elementor-top-column elementor-element elementor-element-31cca62\" data-id=\"31cca62\" data-element_type=\"column\">\n\t\t\t<div class=\"elementor-widget-wrap elementor-element-populated\">\n\t\t\t\t\t\t\t\t<div class=\"elementor-element elementor-element-7eac907 elementor-widget elementor-widget-heading\" data-id=\"7eac907\" data-element_type=\"widget\" data-widget_type=\"heading.default\">\n\t\t\t\t<div class=\"elementor-widget-container\">\n\t\t\t<h2 class=\"elementor-heading-title elementor-size-default\">in stavelot<\/h2>\t\t<\/div>\n\t\t\t\t<\/div>\n\t\t\t\t<div class=\"elementor-element elementor-element-20eb2dc elementor-cta--valign-middle elementor-cta--skin-cover elementor-widget elementor-widget-call-to-action\" data-id=\"20eb2dc\" data-element_type=\"widget\" data-widget_type=\"call-to-action.default\">\n\t\t\t\t<div class=\"elementor-widget-container\">\n\t\t\t\t\t<div class=\"elementor-cta\">\n\t\t\t\t\t<div class=\"elementor-cta__bg-wrapper\">\n\t\t\t\t<div class=\"elementor-cta__bg elementor-bg\" style=\"background-image: url();\" role=\"img\" aria-label=\"\"><\/div>\n\t\t\t\t<div class=\"elementor-cta__bg-overlay\"><\/div>\n\t\t\t<\/div>\n\t\t\t\t\t\t\t<div class=\"elementor-cta__content\">\n\t\t\t\t\n\t\t\t\t\t\t\t\t\t<h3 class=\"elementor-cta__title elementor-cta__content-item elementor-content-item\">\n\t\t\t\t\t\tKarnevals in der Welt\t\t\t\t\t<\/h3>\n\t\t\t\t\n\t\t\t\t\t\t\t\t\t<div class=\"elementor-cta__description elementor-cta__content-item elementor-content-item\">\n\t\t\t\t\t\tNach einem ersten Besuch vor einigen Jahren kehrten die Blancs-Moussis im Juni 2010 zur Weltausstellung in Shanghai nach China zur\u00fcck.  \t\t\t\t\t<\/div>\n\t\t\t\t\n\t\t\t\t\t\t\t\t\t<div class=\"elementor-cta__button-wrapper elementor-cta__content-item elementor-content-item \">\n\t\t\t\t\t<a class=\"elementor-cta__button elementor-button elementor-size-xs\" href=\"https:\/\/www.blanc-moussi.com\/stavelot-les-carnavals-du-monde\/\">\n\t\t\t\t\t\tMehr erfahren\t\t\t\t\t<\/a>\n\t\t\t\t\t<\/div>\n\t\t\t\t\t\t\t<\/div>\n\t\t\t\t\t\t<\/div>\n\t\t\t\t<\/div>\n\t\t\t\t<\/div>\n\t\t\t\t<div class=\"elementor-element elementor-element-0447e66 elementor-cta--valign-middle elementor-cta--skin-cover elementor-widget elementor-widget-call-to-action\" data-id=\"0447e66\" data-element_type=\"widget\" data-widget_type=\"call-to-action.default\">\n\t\t\t\t<div class=\"elementor-widget-container\">\n\t\t\t\t\t<div class=\"elementor-cta\">\n\t\t\t\t\t<div class=\"elementor-cta__bg-wrapper\">\n\t\t\t\t<div class=\"elementor-cta__bg elementor-bg\" style=\"background-image: url();\" role=\"img\" aria-label=\"\"><\/div>\n\t\t\t\t<div class=\"elementor-cta__bg-overlay\"><\/div>\n\t\t\t<\/div>\n\t\t\t\t\t\t\t<div class=\"elementor-cta__content\">\n\t\t\t\t\n\t\t\t\t\t\t\t\t\t<h3 class=\"elementor-cta__title elementor-cta__content-item elementor-content-item\">\n\t\t\t\t\t\tEin Abenteuer aus einer anderen Zeit: Die 36-Stunden-Runde\t\t\t\t\t<\/h3>\n\t\t\t\t\n\t\t\t\t\t\t\t\t\t<div class=\"elementor-cta__description elementor-cta__content-item elementor-content-item\">\n\t\t\t\t\t\tDie Blancs-Moussis gehen mit der Zeit. Die Aktivit\u00e4ten und Veranstaltungen entwickeln sich weiter. Was gestern m\u00f6glich war, ist heute nicht immer m\u00f6glich und umgekehrt.\t\t\t\t\t<\/div>\n\t\t\t\t\n\t\t\t\t\t\t\t\t\t<div class=\"elementor-cta__button-wrapper elementor-cta__content-item elementor-content-item \">\n\t\t\t\t\t<a class=\"elementor-cta__button elementor-button elementor-size-xs\" href=\"https:\/\/www.blanc-moussi.com\/stavelot-une-aventure-dun-autre-temps-la-ronde-des-36-heures%ef%bf%bc\/\">\n\t\t\t\t\t\tMehr erfahren\t\t\t\t\t<\/a>\n\t\t\t\t\t<\/div>\n\t\t\t\t\t\t\t<\/div>\n\t\t\t\t\t\t<\/div>\n\t\t\t\t<\/div>\n\t\t\t\t<\/div>\n\t\t\t\t\t<\/div>\n\t\t<\/div>\n\t\t\t\t\t\t\t<\/div>\n\t\t<\/section>\n\t\t\t\t\t\t\t<\/div>\n\t\t","protected":false},"excerpt":{"rendered":"<p>im Ausland Shanghai 2010 Nach einem ersten Besuch vor einigen Jahren kehrten die Blancs-Moussis im Juni 2010 zur Weltausstellung in Shanghai nach China zur\u00fcck. Mehr erfahren Internationales Folklorefestival in Peking (2003) 2003 nahmen etwa 20 Blancs-Moussis am 6. internationalen Kulturfestival in Peking teil. Mehr erfahren in stavelot Karnevals in der Welt Nach einem ersten Besuch<\/p>\n","protected":false},"author":1,"featured_media":0,"parent":0,"menu_order":0,"comment_status":"closed","ping_status":"closed","template":"","meta":{"footnotes":""},"class_list":["post-26374","page","type-page","status-publish","hentry"],"yoast_head":"<!-- This site is optimized with the Yoast SEO plugin v21.7 - https:\/\/yoast.com\/wordpress\/plugins\/seo\/ -->\n<title>Einige denkw\u00fcrdige Erlebnisse - Blanc-moussi<\/title>\n<meta name=\"robots\" content=\"index, follow, max-snippet:-1, max-image-preview:large, max-video-preview:-1\" \/>\n<link rel=\"canonical\" href=\"https:\/\/www.blanc-moussi.com\/de\/einige-denkwurdige-erlebnisse\/\" \/>\n<meta property=\"og:locale\" content=\"de_DE\" \/>\n<meta property=\"og:type\" content=\"article\" \/>\n<meta property=\"og:title\" content=\"Einige denkw\u00fcrdige Erlebnisse - Blanc-moussi\" \/>\n<meta property=\"og:description\" content=\"im Ausland Shanghai 2010 Nach einem ersten Besuch vor einigen Jahren kehrten die Blancs-Moussis im Juni 2010 zur Weltausstellung in Shanghai nach China zur\u00fcck. Mehr erfahren Internationales Folklorefestival in Peking (2003) 2003 nahmen etwa 20 Blancs-Moussis am 6. internationalen Kulturfestival in Peking teil. Mehr erfahren in stavelot Karnevals in der Welt Nach einem ersten Besuch\" \/>\n<meta property=\"og:url\" content=\"https:\/\/www.blanc-moussi.com\/de\/einige-denkwurdige-erlebnisse\/\" \/>\n<meta property=\"og:site_name\" content=\"Blanc-moussi\" \/>\n<meta property=\"article:modified_time\" content=\"2022-07-06T18:19:32+00:00\" \/>\n<meta name=\"twitter:card\" content=\"summary_large_image\" \/>\n<meta name=\"twitter:label1\" content=\"Gesch\u00e4tzte Lesezeit\" \/>\n\t<meta name=\"twitter:data1\" content=\"1\u00a0Minute\" \/>\n<script type=\"application\/ld+json\" class=\"yoast-schema-graph\">{\"@context\":\"https:\/\/schema.org\",\"@graph\":[{\"@type\":\"WebPage\",\"@id\":\"https:\/\/www.blanc-moussi.com\/de\/einige-denkwurdige-erlebnisse\/\",\"url\":\"https:\/\/www.blanc-moussi.com\/de\/einige-denkwurdige-erlebnisse\/\",\"name\":\"Einige denkw\u00fcrdige Erlebnisse - Blanc-moussi\",\"isPartOf\":{\"@id\":\"https:\/\/www.blanc-moussi.com\/#website\"},\"datePublished\":\"2022-07-06T11:29:28+00:00\",\"dateModified\":\"2022-07-06T18:19:32+00:00\",\"breadcrumb\":{\"@id\":\"https:\/\/www.blanc-moussi.com\/de\/einige-denkwurdige-erlebnisse\/#breadcrumb\"},\"inLanguage\":\"de\",\"potentialAction\":[{\"@type\":\"ReadAction\",\"target\":[\"https:\/\/www.blanc-moussi.com\/de\/einige-denkwurdige-erlebnisse\/\"]}]},{\"@type\":\"BreadcrumbList\",\"@id\":\"https:\/\/www.blanc-moussi.com\/de\/einige-denkwurdige-erlebnisse\/#breadcrumb\",\"itemListElement\":[{\"@type\":\"ListItem\",\"position\":1,\"name\":\"Accueil\",\"item\":\"https:\/\/www.blanc-moussi.com\/\"},{\"@type\":\"ListItem\",\"position\":2,\"name\":\"Einige denkw\u00fcrdige Erlebnisse\"}]},{\"@type\":\"WebSite\",\"@id\":\"https:\/\/www.blanc-moussi.com\/#website\",\"url\":\"https:\/\/www.blanc-moussi.com\/\",\"name\":\"Blanc-moussi\",\"description\":\"\",\"publisher\":{\"@id\":\"https:\/\/www.blanc-moussi.com\/#organization\"},\"potentialAction\":[{\"@type\":\"SearchAction\",\"target\":{\"@type\":\"EntryPoint\",\"urlTemplate\":\"https:\/\/www.blanc-moussi.com\/?s={search_term_string}\"},\"query-input\":\"required name=search_term_string\"}],\"inLanguage\":\"de\"},{\"@type\":\"Organization\",\"@id\":\"https:\/\/www.blanc-moussi.com\/#organization\",\"name\":\"Blanc-moussi\",\"url\":\"https:\/\/www.blanc-moussi.com\/\",\"logo\":{\"@type\":\"ImageObject\",\"inLanguage\":\"de\",\"@id\":\"https:\/\/www.blanc-moussi.com\/#\/schema\/logo\/image\/\",\"url\":\"https:\/\/www.blanc-moussi.com\/wp-content\/uploads\/2022\/06\/logo_bm_blackcolor_v1-copie.png\",\"contentUrl\":\"https:\/\/www.blanc-moussi.com\/wp-content\/uploads\/2022\/06\/logo_bm_blackcolor_v1-copie.png\",\"width\":320,\"height\":118,\"caption\":\"Blanc-moussi\"},\"image\":{\"@id\":\"https:\/\/www.blanc-moussi.com\/#\/schema\/logo\/image\/\"}}]}<\/script>\n<!-- \/ Yoast SEO plugin. -->","yoast_head_json":{"title":"Einige denkw\u00fcrdige Erlebnisse - Blanc-moussi","robots":{"index":"index","follow":"follow","max-snippet":"max-snippet:-1","max-image-preview":"max-image-preview:large","max-video-preview":"max-video-preview:-1"},"canonical":"https:\/\/www.blanc-moussi.com\/de\/einige-denkwurdige-erlebnisse\/","og_locale":"de_DE","og_type":"article","og_title":"Einige denkw\u00fcrdige Erlebnisse - Blanc-moussi","og_description":"im Ausland Shanghai 2010 Nach einem ersten Besuch vor einigen Jahren kehrten die Blancs-Moussis im Juni 2010 zur Weltausstellung in Shanghai nach China zur\u00fcck. Mehr erfahren Internationales Folklorefestival in Peking (2003) 2003 nahmen etwa 20 Blancs-Moussis am 6. internationalen Kulturfestival in Peking teil. Mehr erfahren in stavelot Karnevals in der Welt Nach einem ersten Besuch","og_url":"https:\/\/www.blanc-moussi.com\/de\/einige-denkwurdige-erlebnisse\/","og_site_name":"Blanc-moussi","article_modified_time":"2022-07-06T18:19:32+00:00","twitter_card":"summary_large_image","twitter_misc":{"Gesch\u00e4tzte Lesezeit":"1\u00a0Minute"},"schema":{"@context":"https:\/\/schema.org","@graph":[{"@type":"WebPage","@id":"https:\/\/www.blanc-moussi.com\/de\/einige-denkwurdige-erlebnisse\/","url":"https:\/\/www.blanc-moussi.com\/de\/einige-denkwurdige-erlebnisse\/","name":"Einige denkw\u00fcrdige Erlebnisse - Blanc-moussi","isPartOf":{"@id":"https:\/\/www.blanc-moussi.com\/#website"},"datePublished":"2022-07-06T11:29:28+00:00","dateModified":"2022-07-06T18:19:32+00:00","breadcrumb":{"@id":"https:\/\/www.blanc-moussi.com\/de\/einige-denkwurdige-erlebnisse\/#breadcrumb"},"inLanguage":"de","potentialAction":[{"@type":"ReadAction","target":["https:\/\/www.blanc-moussi.com\/de\/einige-denkwurdige-erlebnisse\/"]}]},{"@type":"BreadcrumbList","@id":"https:\/\/www.blanc-moussi.com\/de\/einige-denkwurdige-erlebnisse\/#breadcrumb","itemListElement":[{"@type":"ListItem","position":1,"name":"Accueil","item":"https:\/\/www.blanc-moussi.com\/"},{"@type":"ListItem","position":2,"name":"Einige denkw\u00fcrdige Erlebnisse"}]},{"@type":"WebSite","@id":"https:\/\/www.blanc-moussi.com\/#website","url":"https:\/\/www.blanc-moussi.com\/","name":"Blanc-moussi","description":"","publisher":{"@id":"https:\/\/www.blanc-moussi.com\/#organization"},"potentialAction":[{"@type":"SearchAction","target":{"@type":"EntryPoint","urlTemplate":"https:\/\/www.blanc-moussi.com\/?s={search_term_string}"},"query-input":"required name=search_term_string"}],"inLanguage":"de"},{"@type":"Organization","@id":"https:\/\/www.blanc-moussi.com\/#organization","name":"Blanc-moussi","url":"https:\/\/www.blanc-moussi.com\/","logo":{"@type":"ImageObject","inLanguage":"de","@id":"https:\/\/www.blanc-moussi.com\/#\/schema\/logo\/image\/","url":"https:\/\/www.blanc-moussi.com\/wp-content\/uploads\/2022\/06\/logo_bm_blackcolor_v1-copie.png","contentUrl":"https:\/\/www.blanc-moussi.com\/wp-content\/uploads\/2022\/06\/logo_bm_blackcolor_v1-copie.png","width":320,"height":118,"caption":"Blanc-moussi"},"image":{"@id":"https:\/\/www.blanc-moussi.com\/#\/schema\/logo\/image\/"}}]}},"_links":{"self":[{"href":"https:\/\/www.blanc-moussi.com\/de\/wp-json\/wp\/v2\/pages\/26374","targetHints":{"allow":["GET"]}}],"collection":[{"href":"https:\/\/www.blanc-moussi.com\/de\/wp-json\/wp\/v2\/pages"}],"about":[{"href":"https:\/\/www.blanc-moussi.com\/de\/wp-json\/wp\/v2\/types\/page"}],"author":[{"embeddable":true,"href":"https:\/\/www.blanc-moussi.com\/de\/wp-json\/wp\/v2\/users\/1"}],"replies":[{"embeddable":true,"href":"https:\/\/www.blanc-moussi.com\/de\/wp-json\/wp\/v2\/comments?post=26374"}],"version-history":[{"count":0,"href":"https:\/\/www.blanc-moussi.com\/de\/wp-json\/wp\/v2\/pages\/26374\/revisions"}],"wp:attachment":[{"href":"https:\/\/www.blanc-moussi.com\/de\/wp-json\/wp\/v2\/media?parent=26374"}],"curies":[{"name":"wp","href":"https:\/\/api.w.org\/{rel}","templated":true}]}}