{"id":26033,"date":"2022-07-04T11:55:19","date_gmt":"2022-07-04T09:55:19","guid":{"rendered":"https:\/\/www.blanc-moussi.com\/dev\/links\/"},"modified":"2022-07-06T20:19:33","modified_gmt":"2022-07-06T18:19:33","slug":"links","status":"publish","type":"page","link":"https:\/\/www.blanc-moussi.com\/de\/links\/","title":{"rendered":"Links"},"content":{"rendered":"\t\t<div data-elementor-type=\"wp-page\" data-elementor-id=\"26033\" class=\"elementor elementor-26033 elementor-23726\" data-elementor-post-type=\"page\">\n\t\t\t\t\t\t\t\t\t<section class=\"elementor-section elementor-top-section elementor-element elementor-element-9c68dba elementor-section-boxed elementor-section-height-default elementor-section-height-default\" data-id=\"9c68dba\" data-element_type=\"section\">\n\t\t\t\t\t\t<div class=\"elementor-container elementor-column-gap-default\">\n\t\t\t\t\t<div class=\"elementor-column elementor-col-50 elementor-top-column elementor-element elementor-element-7a343d1\" data-id=\"7a343d1\" data-element_type=\"column\">\n\t\t\t<div class=\"elementor-widget-wrap elementor-element-populated\">\n\t\t\t\t\t\t\t\t<div class=\"elementor-element elementor-element-32a61a1 elementor-widget elementor-widget-text-editor\" data-id=\"32a61a1\" data-element_type=\"widget\" data-widget_type=\"text-editor.default\">\n\t\t\t\t<div class=\"elementor-widget-container\">\n\t\t\t<style>\/*! elementor - v3.18.0 - 20-12-2023 *\/\n.elementor-widget-text-editor.elementor-drop-cap-view-stacked .elementor-drop-cap{background-color:#69727d;color:#fff}.elementor-widget-text-editor.elementor-drop-cap-view-framed .elementor-drop-cap{color:#69727d;border:3px solid;background-color:transparent}.elementor-widget-text-editor:not(.elementor-drop-cap-view-default) .elementor-drop-cap{margin-top:8px}.elementor-widget-text-editor:not(.elementor-drop-cap-view-default) .elementor-drop-cap-letter{width:1em;height:1em}.elementor-widget-text-editor .elementor-drop-cap{float:left;text-align:center;line-height:1;font-size:50px}.elementor-widget-text-editor .elementor-drop-cap-letter{display:inline-block}<\/style>\t\t\t\t<p><span style=\"font-weight: 400;\">Stavelot ist nat\u00fcrlich nicht auf Blancs-Moussis beschr\u00e4nkt.&nbsp;<\/span><\/p>\n<p><span style=\"font-weight: 400;\">Wir laden Sie auch dazu ein, die zahlreichen Aktivit\u00e4ten, soziokulturellen und touristischen Angebote unserer sch\u00f6nen Stadt zu entdecken, indem Sie die Links zu den folgenden Organisationen durchst\u00f6bern:<\/span><\/p>\n<p><a href=\"https:\/\/www.laetare-stavelot.be\/\">Der Laetare von Stavelot<\/a><\/p>\n<p><a href=\"https:\/\/www.stavelot.be\/\" style=\"\">Stadt Stavelot<\/a><\/p>\n<p><a href=\"http:\/\/tourismestavelot.be\/\">Tourismus Stavelot |<\/a><\/p>\n<p><a href=\"https:\/\/ccstp.be\/\" style=\"\">Kulturzentrum Stavelot &#8211; Trois-Ponts (ccstp.be)<\/a><\/p>\n<p><a href=\"https:\/\/festival-vts.net\/\" style=\"\">Festival Vacances Th\u00e9atre Stavelot | Die VTS, ein anderer Blick&#8230; (festival-vts.net)<\/a><\/p>\n<p><a href=\"https:\/\/www.festivaldestavelot.be\/\" style=\"\">Stavelot Festival, Kammermusik in der Abtei von Stavelot<\/a><\/p>\n<p><a href=\"https:\/\/www.abbayedestavelot.be\/\" style=\"\">Entdecken Sie die Abtei von Stavelot<\/a><\/p>\t\t\t\t\t\t<\/div>\n\t\t\t\t<\/div>\n\t\t\t\t\t<\/div>\n\t\t<\/div>\n\t\t\t\t<div class=\"elementor-column elementor-col-50 elementor-top-column elementor-element elementor-element-aacad9c\" data-id=\"aacad9c\" data-element_type=\"column\" data-settings=\"{&quot;background_background&quot;:&quot;slideshow&quot;,&quot;background_slideshow_gallery&quot;:[{&quot;id&quot;:23735,&quot;url&quot;:&quot;https:\\\/\\\/www.blanc-moussi.com\\\/wp-content\\\/uploads\\\/2022\\\/06\\\/Cvisuels_220515_134203_AP206445.jpg&quot;},{&quot;id&quot;:23734,&quot;url&quot;:&quot;https:\\\/\\\/www.blanc-moussi.com\\\/wp-content\\\/uploads\\\/2022\\\/07\\\/Cvisuels_220515_154145_AP206839.jpg&quot;},{&quot;id&quot;:23712,&quot;url&quot;:&quot;https:\\\/\\\/www.blanc-moussi.com\\\/wp-content\\\/uploads\\\/2022\\\/06\\\/Cvisuels_220515_154145_AP206839.jpg&quot;},{&quot;id&quot;:23706,&quot;url&quot;:&quot;https:\\\/\\\/www.blanc-moussi.com\\\/wp-content\\\/uploads\\\/2022\\\/06\\\/Cvisuels_190331_180301__DSC6740.jpg&quot;},{&quot;id&quot;:23680,&quot;url&quot;:&quot;https:\\\/\\\/www.blanc-moussi.com\\\/wp-content\\\/uploads\\\/2022\\\/06\\\/Cvisuels_220327_165820_AP103241.jpg&quot;},{&quot;id&quot;:23682,&quot;url&quot;:&quot;https:\\\/\\\/www.blanc-moussi.com\\\/wp-content\\\/uploads\\\/2022\\\/06\\\/Cvisuels_220327_163854_AP103195-1.jpg&quot;},{&quot;id&quot;:23683,&quot;url&quot;:&quot;https:\\\/\\\/www.blanc-moussi.com\\\/wp-content\\\/uploads\\\/2022\\\/06\\\/Cvisuels_220327_152836_AP103131.jpg&quot;}],&quot;background_slideshow_loop&quot;:&quot;yes&quot;,&quot;background_slideshow_slide_duration&quot;:5000,&quot;background_slideshow_slide_transition&quot;:&quot;fade&quot;,&quot;background_slideshow_transition_duration&quot;:500}\">\n\t\t\t<div class=\"elementor-widget-wrap\">\n\t\t\t\t\t\t\t\t\t<\/div>\n\t\t<\/div>\n\t\t\t\t\t\t\t<\/div>\n\t\t<\/section>\n\t\t\t\t\t\t\t<\/div>\n\t\t","protected":false},"excerpt":{"rendered":"<p>Stavelot ist nat\u00fcrlich nicht auf Blancs-Moussis beschr\u00e4nkt.&nbsp; Wir laden Sie auch dazu ein, die zahlreichen Aktivit\u00e4ten, soziokulturellen und touristischen Angebote unserer sch\u00f6nen Stadt zu entdecken, indem Sie die Links zu den folgenden Organisationen durchst\u00f6bern: Der Laetare von Stavelot Stadt Stavelot Tourismus Stavelot | Kulturzentrum Stavelot &#8211; Trois-Ponts (ccstp.be) Festival Vacances Th\u00e9atre Stavelot | Die VTS,<\/p>\n","protected":false},"author":1,"featured_media":0,"parent":0,"menu_order":0,"comment_status":"closed","ping_status":"closed","template":"","meta":{"footnotes":""},"class_list":["post-26033","page","type-page","status-publish","hentry"],"yoast_head":"<!-- This site is optimized with the Yoast SEO plugin v21.7 - https:\/\/yoast.com\/wordpress\/plugins\/seo\/ -->\n<title>Links - Blanc-moussi<\/title>\n<meta name=\"robots\" content=\"index, follow, max-snippet:-1, max-image-preview:large, max-video-preview:-1\" \/>\n<link rel=\"canonical\" href=\"https:\/\/www.blanc-moussi.com\/de\/links\/\" \/>\n<meta property=\"og:locale\" content=\"de_DE\" \/>\n<meta property=\"og:type\" content=\"article\" \/>\n<meta property=\"og:title\" content=\"Links - Blanc-moussi\" \/>\n<meta property=\"og:description\" content=\"Stavelot ist nat\u00fcrlich nicht auf Blancs-Moussis beschr\u00e4nkt.&nbsp; Wir laden Sie auch dazu ein, die zahlreichen Aktivit\u00e4ten, soziokulturellen und touristischen Angebote unserer sch\u00f6nen Stadt zu entdecken, indem Sie die Links zu den folgenden Organisationen durchst\u00f6bern: Der Laetare von Stavelot Stadt Stavelot Tourismus Stavelot | Kulturzentrum Stavelot &#8211; Trois-Ponts (ccstp.be) Festival Vacances Th\u00e9atre Stavelot | Die VTS,\" \/>\n<meta property=\"og:url\" content=\"https:\/\/www.blanc-moussi.com\/de\/links\/\" \/>\n<meta property=\"og:site_name\" content=\"Blanc-moussi\" \/>\n<meta property=\"article:modified_time\" content=\"2022-07-06T18:19:33+00:00\" \/>\n<meta name=\"twitter:card\" content=\"summary_large_image\" \/>\n<script type=\"application\/ld+json\" class=\"yoast-schema-graph\">{\"@context\":\"https:\/\/schema.org\",\"@graph\":[{\"@type\":\"WebPage\",\"@id\":\"https:\/\/www.blanc-moussi.com\/de\/links\/\",\"url\":\"https:\/\/www.blanc-moussi.com\/de\/links\/\",\"name\":\"Links - Blanc-moussi\",\"isPartOf\":{\"@id\":\"https:\/\/www.blanc-moussi.com\/#website\"},\"datePublished\":\"2022-07-04T09:55:19+00:00\",\"dateModified\":\"2022-07-06T18:19:33+00:00\",\"breadcrumb\":{\"@id\":\"https:\/\/www.blanc-moussi.com\/de\/links\/#breadcrumb\"},\"inLanguage\":\"de\",\"potentialAction\":[{\"@type\":\"ReadAction\",\"target\":[\"https:\/\/www.blanc-moussi.com\/de\/links\/\"]}]},{\"@type\":\"BreadcrumbList\",\"@id\":\"https:\/\/www.blanc-moussi.com\/de\/links\/#breadcrumb\",\"itemListElement\":[{\"@type\":\"ListItem\",\"position\":1,\"name\":\"Accueil\",\"item\":\"https:\/\/www.blanc-moussi.com\/\"},{\"@type\":\"ListItem\",\"position\":2,\"name\":\"Links\"}]},{\"@type\":\"WebSite\",\"@id\":\"https:\/\/www.blanc-moussi.com\/#website\",\"url\":\"https:\/\/www.blanc-moussi.com\/\",\"name\":\"Blanc-moussi\",\"description\":\"\",\"publisher\":{\"@id\":\"https:\/\/www.blanc-moussi.com\/#organization\"},\"potentialAction\":[{\"@type\":\"SearchAction\",\"target\":{\"@type\":\"EntryPoint\",\"urlTemplate\":\"https:\/\/www.blanc-moussi.com\/?s={search_term_string}\"},\"query-input\":\"required name=search_term_string\"}],\"inLanguage\":\"de\"},{\"@type\":\"Organization\",\"@id\":\"https:\/\/www.blanc-moussi.com\/#organization\",\"name\":\"Blanc-moussi\",\"url\":\"https:\/\/www.blanc-moussi.com\/\",\"logo\":{\"@type\":\"ImageObject\",\"inLanguage\":\"de\",\"@id\":\"https:\/\/www.blanc-moussi.com\/#\/schema\/logo\/image\/\",\"url\":\"https:\/\/www.blanc-moussi.com\/wp-content\/uploads\/2022\/06\/logo_bm_blackcolor_v1-copie.png\",\"contentUrl\":\"https:\/\/www.blanc-moussi.com\/wp-content\/uploads\/2022\/06\/logo_bm_blackcolor_v1-copie.png\",\"width\":320,\"height\":118,\"caption\":\"Blanc-moussi\"},\"image\":{\"@id\":\"https:\/\/www.blanc-moussi.com\/#\/schema\/logo\/image\/\"}}]}<\/script>\n<!-- \/ Yoast SEO plugin. -->","yoast_head_json":{"title":"Links - Blanc-moussi","robots":{"index":"index","follow":"follow","max-snippet":"max-snippet:-1","max-image-preview":"max-image-preview:large","max-video-preview":"max-video-preview:-1"},"canonical":"https:\/\/www.blanc-moussi.com\/de\/links\/","og_locale":"de_DE","og_type":"article","og_title":"Links - Blanc-moussi","og_description":"Stavelot ist nat\u00fcrlich nicht auf Blancs-Moussis beschr\u00e4nkt.&nbsp; Wir laden Sie auch dazu ein, die zahlreichen Aktivit\u00e4ten, soziokulturellen und touristischen Angebote unserer sch\u00f6nen Stadt zu entdecken, indem Sie die Links zu den folgenden Organisationen durchst\u00f6bern: Der Laetare von Stavelot Stadt Stavelot Tourismus Stavelot | Kulturzentrum Stavelot &#8211; Trois-Ponts (ccstp.be) Festival Vacances Th\u00e9atre Stavelot | Die VTS,","og_url":"https:\/\/www.blanc-moussi.com\/de\/links\/","og_site_name":"Blanc-moussi","article_modified_time":"2022-07-06T18:19:33+00:00","twitter_card":"summary_large_image","schema":{"@context":"https:\/\/schema.org","@graph":[{"@type":"WebPage","@id":"https:\/\/www.blanc-moussi.com\/de\/links\/","url":"https:\/\/www.blanc-moussi.com\/de\/links\/","name":"Links - Blanc-moussi","isPartOf":{"@id":"https:\/\/www.blanc-moussi.com\/#website"},"datePublished":"2022-07-04T09:55:19+00:00","dateModified":"2022-07-06T18:19:33+00:00","breadcrumb":{"@id":"https:\/\/www.blanc-moussi.com\/de\/links\/#breadcrumb"},"inLanguage":"de","potentialAction":[{"@type":"ReadAction","target":["https:\/\/www.blanc-moussi.com\/de\/links\/"]}]},{"@type":"BreadcrumbList","@id":"https:\/\/www.blanc-moussi.com\/de\/links\/#breadcrumb","itemListElement":[{"@type":"ListItem","position":1,"name":"Accueil","item":"https:\/\/www.blanc-moussi.com\/"},{"@type":"ListItem","position":2,"name":"Links"}]},{"@type":"WebSite","@id":"https:\/\/www.blanc-moussi.com\/#website","url":"https:\/\/www.blanc-moussi.com\/","name":"Blanc-moussi","description":"","publisher":{"@id":"https:\/\/www.blanc-moussi.com\/#organization"},"potentialAction":[{"@type":"SearchAction","target":{"@type":"EntryPoint","urlTemplate":"https:\/\/www.blanc-moussi.com\/?s={search_term_string}"},"query-input":"required name=search_term_string"}],"inLanguage":"de"},{"@type":"Organization","@id":"https:\/\/www.blanc-moussi.com\/#organization","name":"Blanc-moussi","url":"https:\/\/www.blanc-moussi.com\/","logo":{"@type":"ImageObject","inLanguage":"de","@id":"https:\/\/www.blanc-moussi.com\/#\/schema\/logo\/image\/","url":"https:\/\/www.blanc-moussi.com\/wp-content\/uploads\/2022\/06\/logo_bm_blackcolor_v1-copie.png","contentUrl":"https:\/\/www.blanc-moussi.com\/wp-content\/uploads\/2022\/06\/logo_bm_blackcolor_v1-copie.png","width":320,"height":118,"caption":"Blanc-moussi"},"image":{"@id":"https:\/\/www.blanc-moussi.com\/#\/schema\/logo\/image\/"}}]}},"_links":{"self":[{"href":"https:\/\/www.blanc-moussi.com\/de\/wp-json\/wp\/v2\/pages\/26033","targetHints":{"allow":["GET"]}}],"collection":[{"href":"https:\/\/www.blanc-moussi.com\/de\/wp-json\/wp\/v2\/pages"}],"about":[{"href":"https:\/\/www.blanc-moussi.com\/de\/wp-json\/wp\/v2\/types\/page"}],"author":[{"embeddable":true,"href":"https:\/\/www.blanc-moussi.com\/de\/wp-json\/wp\/v2\/users\/1"}],"replies":[{"embeddable":true,"href":"https:\/\/www.blanc-moussi.com\/de\/wp-json\/wp\/v2\/comments?post=26033"}],"version-history":[{"count":0,"href":"https:\/\/www.blanc-moussi.com\/de\/wp-json\/wp\/v2\/pages\/26033\/revisions"}],"wp:attachment":[{"href":"https:\/\/www.blanc-moussi.com\/de\/wp-json\/wp\/v2\/media?parent=26033"}],"curies":[{"name":"wp","href":"https:\/\/api.w.org\/{rel}","templated":true}]}}