{"id":26018,"date":"2022-06-28T23:25:22","date_gmt":"2022-06-28T21:25:22","guid":{"rendered":"https:\/\/www.blanc-moussi.com\/dev\/ausland-shanghai-2010\/"},"modified":"2022-07-06T20:19:22","modified_gmt":"2022-07-06T18:19:22","slug":"ausland-shanghai-2010","status":"publish","type":"page","link":"https:\/\/www.blanc-moussi.com\/de\/ausland-shanghai-2010\/","title":{"rendered":"Ausland &#8211; Shanghai 2010"},"content":{"rendered":"\t\t<div data-elementor-type=\"wp-page\" data-elementor-id=\"26018\" class=\"elementor elementor-26018 elementor-23312\" data-elementor-post-type=\"page\">\n\t\t\t\t\t\t\t\t\t<section class=\"elementor-section elementor-top-section elementor-element elementor-element-6196e76 elementor-section-boxed elementor-section-height-default elementor-section-height-default\" data-id=\"6196e76\" data-element_type=\"section\">\n\t\t\t\t\t\t<div class=\"elementor-container elementor-column-gap-default\">\n\t\t\t\t\t<div class=\"elementor-column elementor-col-100 elementor-top-column elementor-element elementor-element-946db38\" data-id=\"946db38\" data-element_type=\"column\">\n\t\t\t<div class=\"elementor-widget-wrap elementor-element-populated\">\n\t\t\t\t\t\t\t\t<div class=\"elementor-element elementor-element-99bbea7 elementor-widget elementor-widget-text-editor\" data-id=\"99bbea7\" data-element_type=\"widget\" data-widget_type=\"text-editor.default\">\n\t\t\t\t<div class=\"elementor-widget-container\">\n\t\t\t<style>\/*! elementor - v3.18.0 - 20-12-2023 *\/\n.elementor-widget-text-editor.elementor-drop-cap-view-stacked .elementor-drop-cap{background-color:#69727d;color:#fff}.elementor-widget-text-editor.elementor-drop-cap-view-framed .elementor-drop-cap{color:#69727d;border:3px solid;background-color:transparent}.elementor-widget-text-editor:not(.elementor-drop-cap-view-default) .elementor-drop-cap{margin-top:8px}.elementor-widget-text-editor:not(.elementor-drop-cap-view-default) .elementor-drop-cap-letter{width:1em;height:1em}.elementor-widget-text-editor .elementor-drop-cap{float:left;text-align:center;line-height:1;font-size:50px}.elementor-widget-text-editor .elementor-drop-cap-letter{display:inline-block}<\/style>\t\t\t\t<p>Nach einem ersten Besuch vor einigen Jahren kehrten die Blancs-Moussis im Juni 2010 zur Weltausstellung in Shanghai nach China zur\u00fcck.  <\/p><p>Rund 30 BM verbrachten so eine Woche zwischen Shanghai und Peking, wobei der H\u00f6hepunkt die Animation unseres Nationalpavillons w\u00e4hrend des Belgischen Tages war.<\/p><p>Zu diesem Anlass unterhielten unsere BM ein zahlreiches Publikum in diesem kleinen St\u00fcck Belgien auf der anderen Seite der Welt.  <\/p><p>Vessies, Konfetti, intrigiert mit dieser Maske mit langer roter Nase &#8230; und einem wei\u00dfen Anzug, obwohl dieser in China mit der Farbe der Trauer gleichgesetzt wird.<\/p><p>Wir animierten, unterhielten, posierten f\u00fcr unz\u00e4hlige Fotos und servierten sogar Pommes frites f\u00fcr die Besuchermassen im und um den Pavillon in einer au\u00dfergew\u00f6hnlichen Atmosph\u00e4re.<\/p><p>Dies war auch eine einzigartige Erfahrung, die uns in die \u00fcberraschenden Viertel von Shanghai f\u00fchrte, bevor wir unser Abenteuer in Peking fortsetzten, um eine Reise voller Entdeckungen und Anekdoten zu vervollst\u00e4ndigen.<\/p>\t\t\t\t\t\t<\/div>\n\t\t\t\t<\/div>\n\t\t\t\t\t<\/div>\n\t\t<\/div>\n\t\t\t\t\t\t\t<\/div>\n\t\t<\/section>\n\t\t\t\t\t\t\t<\/div>\n\t\t","protected":false},"excerpt":{"rendered":"<p>Nach einem ersten Besuch vor einigen Jahren kehrten die Blancs-Moussis im Juni 2010 zur Weltausstellung in Shanghai nach China zur\u00fcck. Rund 30 BM verbrachten so eine Woche zwischen Shanghai und Peking, wobei der H\u00f6hepunkt die Animation unseres Nationalpavillons w\u00e4hrend des Belgischen Tages war. Zu diesem Anlass unterhielten unsere BM ein zahlreiches Publikum in diesem kleinen<\/p>\n","protected":false},"author":1,"featured_media":0,"parent":0,"menu_order":0,"comment_status":"closed","ping_status":"closed","template":"","meta":{"footnotes":""},"class_list":["post-26018","page","type-page","status-publish","hentry"],"yoast_head":"<!-- This site is optimized with the Yoast SEO plugin v21.7 - https:\/\/yoast.com\/wordpress\/plugins\/seo\/ -->\n<title>Ausland - Shanghai 2010 - Blanc-moussi<\/title>\n<meta name=\"robots\" content=\"index, follow, max-snippet:-1, max-image-preview:large, max-video-preview:-1\" \/>\n<link rel=\"canonical\" href=\"https:\/\/www.blanc-moussi.com\/de\/ausland-shanghai-2010\/\" \/>\n<meta property=\"og:locale\" content=\"de_DE\" \/>\n<meta property=\"og:type\" content=\"article\" \/>\n<meta property=\"og:title\" content=\"Ausland - Shanghai 2010 - Blanc-moussi\" \/>\n<meta property=\"og:description\" content=\"Nach einem ersten Besuch vor einigen Jahren kehrten die Blancs-Moussis im Juni 2010 zur Weltausstellung in Shanghai nach China zur\u00fcck. Rund 30 BM verbrachten so eine Woche zwischen Shanghai und Peking, wobei der H\u00f6hepunkt die Animation unseres Nationalpavillons w\u00e4hrend des Belgischen Tages war. Zu diesem Anlass unterhielten unsere BM ein zahlreiches Publikum in diesem kleinen\" \/>\n<meta property=\"og:url\" content=\"https:\/\/www.blanc-moussi.com\/de\/ausland-shanghai-2010\/\" \/>\n<meta property=\"og:site_name\" content=\"Blanc-moussi\" \/>\n<meta property=\"article:modified_time\" content=\"2022-07-06T18:19:22+00:00\" \/>\n<meta name=\"twitter:card\" content=\"summary_large_image\" \/>\n<meta name=\"twitter:label1\" content=\"Gesch\u00e4tzte Lesezeit\" \/>\n\t<meta name=\"twitter:data1\" content=\"1\u00a0Minute\" \/>\n<script type=\"application\/ld+json\" class=\"yoast-schema-graph\">{\"@context\":\"https:\/\/schema.org\",\"@graph\":[{\"@type\":\"WebPage\",\"@id\":\"https:\/\/www.blanc-moussi.com\/de\/ausland-shanghai-2010\/\",\"url\":\"https:\/\/www.blanc-moussi.com\/de\/ausland-shanghai-2010\/\",\"name\":\"Ausland - Shanghai 2010 - Blanc-moussi\",\"isPartOf\":{\"@id\":\"https:\/\/www.blanc-moussi.com\/#website\"},\"datePublished\":\"2022-06-28T21:25:22+00:00\",\"dateModified\":\"2022-07-06T18:19:22+00:00\",\"breadcrumb\":{\"@id\":\"https:\/\/www.blanc-moussi.com\/de\/ausland-shanghai-2010\/#breadcrumb\"},\"inLanguage\":\"de\",\"potentialAction\":[{\"@type\":\"ReadAction\",\"target\":[\"https:\/\/www.blanc-moussi.com\/de\/ausland-shanghai-2010\/\"]}]},{\"@type\":\"BreadcrumbList\",\"@id\":\"https:\/\/www.blanc-moussi.com\/de\/ausland-shanghai-2010\/#breadcrumb\",\"itemListElement\":[{\"@type\":\"ListItem\",\"position\":1,\"name\":\"Accueil\",\"item\":\"https:\/\/www.blanc-moussi.com\/\"},{\"@type\":\"ListItem\",\"position\":2,\"name\":\"Ausland &#8211; Shanghai 2010\"}]},{\"@type\":\"WebSite\",\"@id\":\"https:\/\/www.blanc-moussi.com\/#website\",\"url\":\"https:\/\/www.blanc-moussi.com\/\",\"name\":\"Blanc-moussi\",\"description\":\"\",\"publisher\":{\"@id\":\"https:\/\/www.blanc-moussi.com\/#organization\"},\"potentialAction\":[{\"@type\":\"SearchAction\",\"target\":{\"@type\":\"EntryPoint\",\"urlTemplate\":\"https:\/\/www.blanc-moussi.com\/?s={search_term_string}\"},\"query-input\":\"required name=search_term_string\"}],\"inLanguage\":\"de\"},{\"@type\":\"Organization\",\"@id\":\"https:\/\/www.blanc-moussi.com\/#organization\",\"name\":\"Blanc-moussi\",\"url\":\"https:\/\/www.blanc-moussi.com\/\",\"logo\":{\"@type\":\"ImageObject\",\"inLanguage\":\"de\",\"@id\":\"https:\/\/www.blanc-moussi.com\/#\/schema\/logo\/image\/\",\"url\":\"https:\/\/www.blanc-moussi.com\/wp-content\/uploads\/2022\/06\/logo_bm_blackcolor_v1-copie.png\",\"contentUrl\":\"https:\/\/www.blanc-moussi.com\/wp-content\/uploads\/2022\/06\/logo_bm_blackcolor_v1-copie.png\",\"width\":320,\"height\":118,\"caption\":\"Blanc-moussi\"},\"image\":{\"@id\":\"https:\/\/www.blanc-moussi.com\/#\/schema\/logo\/image\/\"}}]}<\/script>\n<!-- \/ Yoast SEO plugin. -->","yoast_head_json":{"title":"Ausland - Shanghai 2010 - Blanc-moussi","robots":{"index":"index","follow":"follow","max-snippet":"max-snippet:-1","max-image-preview":"max-image-preview:large","max-video-preview":"max-video-preview:-1"},"canonical":"https:\/\/www.blanc-moussi.com\/de\/ausland-shanghai-2010\/","og_locale":"de_DE","og_type":"article","og_title":"Ausland - Shanghai 2010 - Blanc-moussi","og_description":"Nach einem ersten Besuch vor einigen Jahren kehrten die Blancs-Moussis im Juni 2010 zur Weltausstellung in Shanghai nach China zur\u00fcck. Rund 30 BM verbrachten so eine Woche zwischen Shanghai und Peking, wobei der H\u00f6hepunkt die Animation unseres Nationalpavillons w\u00e4hrend des Belgischen Tages war. Zu diesem Anlass unterhielten unsere BM ein zahlreiches Publikum in diesem kleinen","og_url":"https:\/\/www.blanc-moussi.com\/de\/ausland-shanghai-2010\/","og_site_name":"Blanc-moussi","article_modified_time":"2022-07-06T18:19:22+00:00","twitter_card":"summary_large_image","twitter_misc":{"Gesch\u00e4tzte Lesezeit":"1\u00a0Minute"},"schema":{"@context":"https:\/\/schema.org","@graph":[{"@type":"WebPage","@id":"https:\/\/www.blanc-moussi.com\/de\/ausland-shanghai-2010\/","url":"https:\/\/www.blanc-moussi.com\/de\/ausland-shanghai-2010\/","name":"Ausland - Shanghai 2010 - Blanc-moussi","isPartOf":{"@id":"https:\/\/www.blanc-moussi.com\/#website"},"datePublished":"2022-06-28T21:25:22+00:00","dateModified":"2022-07-06T18:19:22+00:00","breadcrumb":{"@id":"https:\/\/www.blanc-moussi.com\/de\/ausland-shanghai-2010\/#breadcrumb"},"inLanguage":"de","potentialAction":[{"@type":"ReadAction","target":["https:\/\/www.blanc-moussi.com\/de\/ausland-shanghai-2010\/"]}]},{"@type":"BreadcrumbList","@id":"https:\/\/www.blanc-moussi.com\/de\/ausland-shanghai-2010\/#breadcrumb","itemListElement":[{"@type":"ListItem","position":1,"name":"Accueil","item":"https:\/\/www.blanc-moussi.com\/"},{"@type":"ListItem","position":2,"name":"Ausland &#8211; Shanghai 2010"}]},{"@type":"WebSite","@id":"https:\/\/www.blanc-moussi.com\/#website","url":"https:\/\/www.blanc-moussi.com\/","name":"Blanc-moussi","description":"","publisher":{"@id":"https:\/\/www.blanc-moussi.com\/#organization"},"potentialAction":[{"@type":"SearchAction","target":{"@type":"EntryPoint","urlTemplate":"https:\/\/www.blanc-moussi.com\/?s={search_term_string}"},"query-input":"required name=search_term_string"}],"inLanguage":"de"},{"@type":"Organization","@id":"https:\/\/www.blanc-moussi.com\/#organization","name":"Blanc-moussi","url":"https:\/\/www.blanc-moussi.com\/","logo":{"@type":"ImageObject","inLanguage":"de","@id":"https:\/\/www.blanc-moussi.com\/#\/schema\/logo\/image\/","url":"https:\/\/www.blanc-moussi.com\/wp-content\/uploads\/2022\/06\/logo_bm_blackcolor_v1-copie.png","contentUrl":"https:\/\/www.blanc-moussi.com\/wp-content\/uploads\/2022\/06\/logo_bm_blackcolor_v1-copie.png","width":320,"height":118,"caption":"Blanc-moussi"},"image":{"@id":"https:\/\/www.blanc-moussi.com\/#\/schema\/logo\/image\/"}}]}},"_links":{"self":[{"href":"https:\/\/www.blanc-moussi.com\/de\/wp-json\/wp\/v2\/pages\/26018","targetHints":{"allow":["GET"]}}],"collection":[{"href":"https:\/\/www.blanc-moussi.com\/de\/wp-json\/wp\/v2\/pages"}],"about":[{"href":"https:\/\/www.blanc-moussi.com\/de\/wp-json\/wp\/v2\/types\/page"}],"author":[{"embeddable":true,"href":"https:\/\/www.blanc-moussi.com\/de\/wp-json\/wp\/v2\/users\/1"}],"replies":[{"embeddable":true,"href":"https:\/\/www.blanc-moussi.com\/de\/wp-json\/wp\/v2\/comments?post=26018"}],"version-history":[{"count":0,"href":"https:\/\/www.blanc-moussi.com\/de\/wp-json\/wp\/v2\/pages\/26018\/revisions"}],"wp:attachment":[{"href":"https:\/\/www.blanc-moussi.com\/de\/wp-json\/wp\/v2\/media?parent=26018"}],"curies":[{"name":"wp","href":"https:\/\/api.w.org\/{rel}","templated":true}]}}